{"id":1099,"date":"2022-07-23T14:23:48","date_gmt":"2022-07-23T17:23:48","guid":{"rendered":"https:\/\/www.ruralpergamino.org.ar\/site\/?page_id=1099"},"modified":"2022-07-23T14:38:39","modified_gmt":"2022-07-23T17:38:39","slug":"cancha-de-pato","status":"publish","type":"page","link":"https:\/\/www.ruralpergamino.org.ar\/site\/cancha-de-pato\/","title":{"rendered":"Cancha de Pato"},"content":{"rendered":"<div class=\"wpb-content-wrapper\"><p>[vc_row][vc_column][vc_column_text]<a class=\"dt-pswp-item\" href=\"https:\/\/www.ruralpergamino.org.ar\/site\/wp-content\/uploads\/2022\/07\/Pato-1.jpg\" data-dt-img-description=\"\" data-large_image_width=\"984\" data-large_image_height=\"578\"><img loading=\"lazy\" decoding=\"async\" class=\"size-medium wp-image-1101 alignright\" src=\"https:\/\/www.ruralpergamino.org.ar\/site\/wp-content\/uploads\/2022\/07\/Pato-1-300x176.jpg\" alt=\"\" width=\"300\" height=\"176\" srcset=\"https:\/\/www.ruralpergamino.org.ar\/site\/wp-content\/uploads\/2022\/07\/Pato-1-300x176.jpg 300w, https:\/\/www.ruralpergamino.org.ar\/site\/wp-content\/uploads\/2022\/07\/Pato-1-768x451.jpg 768w, https:\/\/www.ruralpergamino.org.ar\/site\/wp-content\/uploads\/2022\/07\/Pato-1.jpg 984w\" sizes=\"auto, (max-width: 300px) 100vw, 300px\" \/><\/a>Desde 1953, <strong><span style=\"color: #0b7634;\">\u00abEl Pato\u00bb<\/span><\/strong> es el deporte nacional argentino y se practica en el pa\u00eds desde el Siglo XVII. Conocido a nivel internacional como Horseball, arraiga su historia en tierra argentina desde hace casi cuatrocientos a\u00f1os.<\/p>\n<p>Con orgullo, el Predio de la<strong><span style=\"color: #0b7634;\"> Sociedad Rural de Pergamino<\/span><\/strong> posee uno de los 30 campos de juego de la Federaci\u00f3n Argentina de Pato y se ha destacado a lo largo de su historia por reconocidos jugadores y equipos campeones a nivel nacional.<\/p>\n<p>Actualmente, la instituci\u00f3n organiza Torneos homologados por la Federaci\u00f3n y continua promoviendo el deporte con grupo permanente que lo practica asiduamente en nuestras instalaciones.[\/vc_column_text][\/vc_column][\/vc_row][vc_row][vc_column][vc_text_separator title=\u00bbNuestro Equipo\u00bb][\/vc_column][\/vc_row][vc_row][vc_column][vc_empty_space][vc_column_text]<a class=\"dt-pswp-item\" href=\"https:\/\/www.ruralpergamino.org.ar\/site\/wp-content\/uploads\/2022\/07\/Nuestro-Equipo-150x150-1.jpg\" data-dt-img-description=\"\" data-large_image_width=\"150\" data-large_image_height=\"150\"><img loading=\"lazy\" decoding=\"async\" class=\"size-full wp-image-1105 alignleft\" src=\"https:\/\/www.ruralpergamino.org.ar\/site\/wp-content\/uploads\/2022\/07\/Nuestro-Equipo-150x150-1.jpg\" alt=\"\" width=\"150\" height=\"150\" \/><\/a>El equipo conformado por 4 jugadores y 1 jugador suplente, lleva el nombre de <strong><span style=\"color: #0b7634;\">Sociedad Rural de Pergamino \u201cEl Relincho\u201d<\/span><\/strong>.<br \/>\nLos jugadores son Luciano y Martin Lemme, oriundos de la ciudad de Rawson, ubicada a 40 Km de Carmen de Areco, Sergio Alberti de la ciudad de Roque P\u00e9rez, y Francisco y Federico Ferrari de Pergamino.[\/vc_column_text][vc_empty_space][\/vc_column][\/vc_row][vc_row][vc_column][vc_tta_accordion color=\u00bbgreen\u00bb active_section=\u00bb1&#8243;][vc_tta_section title=\u00bbPrincipales Logros\u00bb tab_id=\u00bb1658597152317-d450902b-561e\u00bb][vc_column_text]<strong><span style=\"color: #0b7634;\">2018:<\/span><\/strong><br \/>\nFederico Ferrari, integrante del equipo de Pato de la Sociedad Rural de Pergamino, gan\u00f3 la estatuilla de plata en los Premios Jorge Newbery \u2013 Diciembre 2018 \u2013 Buenos Aires<br \/>\nFecha: 11\/12\/2018<\/p>\n<p><strong><span style=\"color: #0b7634;\">2013:<\/span><\/strong><br \/>\nSubcampe\u00f3n 72\u00ba Abierto Argentino de Pato \u2013 Diciembre 2013 \u2013 Buenos Aires<br \/>\nFecha: 14\/12\/2013<br \/>\nEl equipo de la S.R.P. clasific\u00f3 1\u00b0 en su zona ganando la semifinal contra el Equipo de La Guarida de 9 de Julio y perdi\u00f3 la FINAL por 4 goles contra EL RELINCHO (DE RAWSON), equipo al que la SRP YA LE HAB\u00cdA GANADO POR 4 GOLES EN LAS CLASIFICACIONES.<br \/>\nFinal del Torneo Argentino de Baja Ventaja. (3\u00ba Torneo m\u00e1s importante que organiza la Federaci\u00f3n Argentina de Pato).<br \/>\nFecha: 29\/09\/2013<br \/>\nFue un torneo disputado por 10 equipos, que perdi\u00f3 la final por 2 goles.<br \/>\nFinal del Torneo Argentina de Alta Ventaja<br \/>\nFecha: 17\/11\/2013<br \/>\nTorneo disputado por 12 equipos, perdi\u00f3 la final por 1 gol, es el 2\u00ba Torneo m\u00e1s importante que organiza la Federaci\u00f3n Argentina de Pato.<\/p>\n<p><strong><span style=\"color: #0b7634;\">2012:<\/span><\/strong><br \/>\n\u2022 Torneo argentino de alta ventaja \u2013 2\u00b0 puesto<br \/>\n\u2022 Copa el recuerdo \u2013 1\u00b0 puesto<br \/>\n\u2022 71\u00b0 abierto argentino de pato \u2013 3\u00b0 puesto[\/vc_column_text][\/vc_tta_section][vc_tta_section title=\u00bbHistoria del Pato\u00bb tab_id=\u00bb1658597152330-852ef31f-1ab6&#8243;][vc_column_text]<a class=\"dt-pswp-item\" href=\"https:\/\/www.ruralpergamino.org.ar\/site\/wp-content\/uploads\/2022\/07\/Pato-Sociedad-Rural-de-Pergamino2-300x215-1.png\" data-dt-img-description=\"\" data-large_image_width=\"300\" data-large_image_height=\"215\"><img loading=\"lazy\" decoding=\"async\" class=\"size-full wp-image-1106 alignleft\" src=\"https:\/\/www.ruralpergamino.org.ar\/site\/wp-content\/uploads\/2022\/07\/Pato-Sociedad-Rural-de-Pergamino2-300x215-1.png\" alt=\"\" width=\"300\" height=\"215\" \/><\/a>Ya en el siglo XVI se realizaban contiendas o \u201ccorridas\u201d donde dos equipos de jinetes intentaban hacerse de un pato vivo (de all\u00ed el nombre del juego, salvo que actualmente se usa una bolla con asas), y llevarlo hasta un sitio predefinido.<\/p>\n<p>Las cr\u00f3nicas mencionan partidos con hasta 200 participantes, disputados de estancia a estancia. El animal usado para el juego sol\u00eda ser entregado por un pulpero, a veces envuelto en una canasta o dentro de una bolsa de cuero con asas. La ausencia de reglas caus\u00f3 que el juego fuera en ocasiones extremadamente violento. Muchos gauchos resultaron muertos durante corridas, al \u201crodar\u201d su caballo o siendo atropellados por otros caballos.<\/p>\n<p>Tambi\u00e9n se dieron casos en que, en el fragor del juego, disputas entre rivales fueron dirimidas a cuchillo. Por esos motivos, las autoridades civiles y eclesi\u00e1sticas vieron el juego con desagrado. El 20 de agosto de 1790 el virrey Arredondo prohibi\u00f3 el juego del pato. En 1796 un edicto de la iglesia aclara que no se debe dar sepultura cristiana a quien muere jugando al pato, y en 1822 el gobierno de la provincia de Buenos Aires prohibi\u00f3 la pr\u00e1ctica del juego.<\/p>\n<p>Dicha prohibici\u00f3n fue sostenida durante el gobierno de Juan Manuel de Rosas (quien, se rumoreaba, sent\u00eda especial fastidio por el juego). Es de notar el escaso n\u00famero de menciones al pato en la literatura gauchesca.<\/p>\n<p>En la d\u00e9cada de 1930, el estanciero bonaerense Alberto del Castillo Posse se dedic\u00f3 a definir y reglamentar la variante moderna del pato, que abreva del polo en ciertos aspectos, y retiene ciertas caracter\u00edsticas del pato tradicional, en particular el elemento de la cinchada, y la ensilladura y estribos propios del gaucho bonaerense. El juego as\u00ed definido experiment\u00f3 un cierto auge, al punto que el 3 de abril de 1941 fue creada la Federaci\u00f3n Argentina de Pato.<\/p>\n<p>El presidente Juan Domingo Per\u00f3n decret\u00f3 en 1953 que el pato es el juego nacional de la Argentina. Esto no bast\u00f3 para que el pato gane adeptos en las grandes ciudades. Los medios masivos no se ocupan del pato (como s\u00ed lo hacen con el polo).<\/p>\n<p>Las competencias de pato se hallan m\u00e1s bien acotadas al \u00e1mbito rural, muchas veces en conjunci\u00f3n con eventos de doma o m\u00fasica y baile. Muchos observadores han aseverado que la competitividad de los polistas argentinos y de sus caballos tiene su origen en la tradici\u00f3n del pato en la provincia de Buenos Aires.<\/p>\n<p>El pato moderno tiene parecidos con el polo: las dimensiones de la cancha son relativamente similares, los equipos constan de cuatro jinetes, y el juego se divide en per\u00edodos cortos de gran intensidad (si bien en pato no se usa el vocablo chukker para designar cada tiempo). En pato, cada partido consta de hasta seis \u201ctiempos\u201d de 8 minutos cada uno, separados por entretiempos de 5 minutos.[\/vc_column_text][\/vc_tta_section][vc_tta_section title=\u00bbReglamento del Juego\u00bb tab_id=\u00bb1658597305755-4e9493fa-a996&#8243;][vc_column_text]<a class=\"dt-pswp-item\" href=\"https:\/\/www.ruralpergamino.org.ar\/site\/wp-content\/uploads\/2022\/07\/Federacion-Argentina-de-Pato1-150x150-1.png\" data-dt-img-description=\"\" data-large_image_width=\"150\" data-large_image_height=\"150\"><img loading=\"lazy\" decoding=\"async\" class=\"size-full wp-image-1107 alignleft\" src=\"https:\/\/www.ruralpergamino.org.ar\/site\/wp-content\/uploads\/2022\/07\/Federacion-Argentina-de-Pato1-150x150-1.png\" alt=\"\" width=\"150\" height=\"150\" \/><\/a>La cancha (o \u201cpotrero\u201d) debe ser perfectamente llana y estar cubierta de grama o c\u00e9sped, Sus dimensiones son: largo entre 180 y 220 metros, ancho entre 80 y 90. Los aros, de un di\u00e1metro de un metro, est\u00e1n ubicados en la l\u00ednea de fondo, montados verticalmente sobre postes de 2,40 m. El reglamento indica que cada aro (o \u201carco\u201d) debe poseer una red de 1,40 m de profundidad, si bien las inclemencias del tiempo conspiran contra el cumplimiento de esta \u00faltima exigencia.<\/p>\n<p>El \u201cpato\u201d en s\u00ed es de cuero, con c\u00e1mara neum\u00e1tica, y posee seis asas, suele ser de color blanco. Su di\u00e1metro, de extremo a extremo, es de 40 cm. Su peso m\u00e1ximo es de 1250 g.Los caballos usados en el pato de competencia son ejemplares del llamado caballo criollo, de hasta 1,45 m de alzada.Los ocho jinetes comienzan el juego en posiciones prefijadas. El equipo que posee el pato avanza hacia la l\u00ednea final para arrojar al aro y as\u00ed concretar un tanto.Los jugadores de ambos equipos tienen derecho a recoger el pato cuando \u00e9ste se halla en el suelo, lo que exige un gran dominio del caballo y una gran fortaleza f\u00edsica. Quien se hace del pato puede pasarlo a un compa\u00f1ero (\u201ccachetear\u201d) o cabalgar rumbo al aro. Durante la cabalgata, se deben respetar ciertas reglas destinadas a evitar accidentes y preservar la competitividad.Notablemente, existe la obligaci\u00f3n de asir el pato con la mano derecha y extender el brazo derecho; el pato es as\u00ed \u201cofrecido\u201d al rival que puede intentar asir el pato, y robarlo mediante la \u201ccinchada\u201d (el no \u201cofrecer\u201d es una infracci\u00f3n llamada \u201cnegada\u201d).<\/p>\n<p>La cinchada es el elemento caracter\u00edstico del pato, y el m\u00e1s apasionante. Dos jinetes cabalgan a plena velocidad tomando el pato de un asa cada uno; mediante tirones limpios, intentan hacerse del pato. N\u00f3tese que quien \u201cofrece\u201d siempre cincha con su mano derecha; la mano que no cincha debe tener las riendas. Durante la cinchada est\u00e1 prohibido apoyarse en la silla.El pato requiere un caballo entrenado y una gran agilidad por parte del jinete para recoger, cinchar, cachetear y convertir.Para m\u00e1s detalle, acceder al reglamento actualizado de la Federaci\u00f3n Argentina de Pato, haciendo click<a href=\"http:\/\/pato.org.ar\/deporte-nacional\/\"> aqu\u00ed.<\/a>[\/vc_column_text][\/vc_tta_section][\/vc_tta_accordion][\/vc_column][\/vc_row]<\/p>\n<\/div>","protected":false},"excerpt":{"rendered":"<p>[vc_row][vc_column][vc_column_text]Desde 1953, \u00abEl Pato\u00bb es el deporte nacional argentino y se practica en el pa\u00eds desde el Siglo XVII. Conocido a nivel internacional como Horseball, arraiga su historia en tierra argentina desde hace casi cuatrocientos a\u00f1os. Con orgullo, el Predio de la Sociedad Rural de Pergamino posee uno de los 30 campos de juego de&hellip;<\/p>\n","protected":false},"author":3,"featured_media":0,"parent":0,"menu_order":0,"comment_status":"closed","ping_status":"closed","template":"","meta":{"footnotes":""},"class_list":["post-1099","page","type-page","status-publish","hentry","description-off"],"_links":{"self":[{"href":"https:\/\/www.ruralpergamino.org.ar\/site\/wp-json\/wp\/v2\/pages\/1099","targetHints":{"allow":["GET"]}}],"collection":[{"href":"https:\/\/www.ruralpergamino.org.ar\/site\/wp-json\/wp\/v2\/pages"}],"about":[{"href":"https:\/\/www.ruralpergamino.org.ar\/site\/wp-json\/wp\/v2\/types\/page"}],"author":[{"embeddable":true,"href":"https:\/\/www.ruralpergamino.org.ar\/site\/wp-json\/wp\/v2\/users\/3"}],"replies":[{"embeddable":true,"href":"https:\/\/www.ruralpergamino.org.ar\/site\/wp-json\/wp\/v2\/comments?post=1099"}],"version-history":[{"count":6,"href":"https:\/\/www.ruralpergamino.org.ar\/site\/wp-json\/wp\/v2\/pages\/1099\/revisions"}],"predecessor-version":[{"id":1116,"href":"https:\/\/www.ruralpergamino.org.ar\/site\/wp-json\/wp\/v2\/pages\/1099\/revisions\/1116"}],"wp:attachment":[{"href":"https:\/\/www.ruralpergamino.org.ar\/site\/wp-json\/wp\/v2\/media?parent=1099"}],"curies":[{"name":"wp","href":"https:\/\/api.w.org\/{rel}","templated":true}]}}