{"id":1109,"date":"2022-07-23T14:37:17","date_gmt":"2022-07-23T17:37:17","guid":{"rendered":"https:\/\/www.ruralpergamino.org.ar\/site\/?page_id=1109"},"modified":"2025-11-06T16:14:23","modified_gmt":"2025-11-06T19:14:23","slug":"seccion-equina","status":"publish","type":"page","link":"https:\/\/www.ruralpergamino.org.ar\/site\/seccion-equina\/","title":{"rendered":"Secci\u00f3n Equina"},"content":{"rendered":"<div class=\"wpb-content-wrapper\"><p>[vc_row][vc_column][vc_column_text]<a class=\"dt-pswp-item\" href=\"https:\/\/www.ruralpergamino.org.ar\/site\/wp-content\/uploads\/2022\/07\/Seccion-Equina-copia-300x200-1.png\" data-dt-img-description=\"\" data-large_image_width=\"300\" data-large_image_height=\"200\"><img loading=\"lazy\" decoding=\"async\" class=\"size-full wp-image-1111 alignleft\" src=\"https:\/\/www.ruralpergamino.org.ar\/site\/wp-content\/uploads\/2022\/07\/Seccion-Equina-copia-300x200-1.png\" alt=\"\" width=\"300\" height=\"200\" \/><\/a>La <strong><span style=\"color: #0b7634;\">Sociedad Rural de Pergamino<\/span> <\/strong>busca promover la actividad h\u00edpica, por eso pone a disposici\u00f3n de sus socios, 23 corrales y boxes cubiertos en alquiler, para el cuidado de caballos destinados al polo, el salto o simplemente, el esparcimiento y la recreaci\u00f3n.<\/p>\n<p>Las instalaciones est\u00e1n dotadas de galpones, montureros, picaderos, pistas de vareo, de salto, mangas y zonas de pastoreo.<\/p>\n<p>Desde la secci\u00f3n equina, se ofrecen los siguientes servicios: monta, clases de equitaci\u00f3n para ni\u00f1os, salto para todas las edades, y equinoterapia, a trav\u00e9s del Consejo del Discapacitado.<\/p>\n<p>Asimismo, a lo largo del a\u00f1o, se desarrollan distintas actividades como cabalgatas, cursos y capacitaciones.[\/vc_column_text][\/vc_column][\/vc_row]<\/p>\n<\/div>","protected":false},"excerpt":{"rendered":"<p>[vc_row][vc_column][vc_column_text]La Sociedad Rural de Pergamino busca promover la actividad h\u00edpica, por eso pone a disposici\u00f3n de sus socios, 23 corrales y boxes cubiertos en alquiler, para el cuidado de caballos destinados al polo, el salto o simplemente, el esparcimiento y la recreaci\u00f3n. Las instalaciones est\u00e1n dotadas de galpones, montureros, picaderos, pistas de vareo, de salto,&hellip;<\/p>\n","protected":false},"author":3,"featured_media":0,"parent":0,"menu_order":0,"comment_status":"closed","ping_status":"closed","template":"","meta":{"footnotes":""},"class_list":["post-1109","page","type-page","status-publish","hentry","description-off"],"_links":{"self":[{"href":"https:\/\/www.ruralpergamino.org.ar\/site\/wp-json\/wp\/v2\/pages\/1109","targetHints":{"allow":["GET"]}}],"collection":[{"href":"https:\/\/www.ruralpergamino.org.ar\/site\/wp-json\/wp\/v2\/pages"}],"about":[{"href":"https:\/\/www.ruralpergamino.org.ar\/site\/wp-json\/wp\/v2\/types\/page"}],"author":[{"embeddable":true,"href":"https:\/\/www.ruralpergamino.org.ar\/site\/wp-json\/wp\/v2\/users\/3"}],"replies":[{"embeddable":true,"href":"https:\/\/www.ruralpergamino.org.ar\/site\/wp-json\/wp\/v2\/comments?post=1109"}],"version-history":[{"count":2,"href":"https:\/\/www.ruralpergamino.org.ar\/site\/wp-json\/wp\/v2\/pages\/1109\/revisions"}],"predecessor-version":[{"id":1895,"href":"https:\/\/www.ruralpergamino.org.ar\/site\/wp-json\/wp\/v2\/pages\/1109\/revisions\/1895"}],"wp:attachment":[{"href":"https:\/\/www.ruralpergamino.org.ar\/site\/wp-json\/wp\/v2\/media?parent=1109"}],"curies":[{"name":"wp","href":"https:\/\/api.w.org\/{rel}","templated":true}]}}