{"id":1120,"date":"2022-07-23T14:53:17","date_gmt":"2022-07-23T17:53:17","guid":{"rendered":"https:\/\/www.ruralpergamino.org.ar\/site\/?page_id=1120"},"modified":"2022-07-23T14:53:17","modified_gmt":"2022-07-23T17:53:17","slug":"links-de-interes","status":"publish","type":"page","link":"https:\/\/www.ruralpergamino.org.ar\/site\/links-de-interes\/","title":{"rendered":"Links de Inter\u00e9s"},"content":{"rendered":"<div class=\"wpb-content-wrapper\"><p>[vc_row][vc_column][vc_accordion][vc_accordion_tab title=\u00bbAsociaciones\u00bb][vc_column_text]<\/p>\n<ul>\n<li>Asociaci\u00f3n Argentina de AnGus: www.angus.org.ar<\/li>\n<li>Asociaci\u00f3n Argentina de Ecolog\u00eda: www.asaeargentina.com.ar<\/li>\n<li>Asociaci\u00f3n Argentina de la Ciencia del Suelo: www.suelos.org.ar<\/li>\n<li>Asociaci\u00f3n Argentina de Brangus: www.brangus.org.ar<\/li>\n<li>Asociaci\u00f3n Argentina de Criadores de Hereford: www.hereford.org.ar<\/li>\n<li>Asociaci\u00f3n Argentina de Producci\u00f3n Animal (AAPA): www.aapa.org.ar<\/li>\n<li>Asociaci\u00f3n Argentina de Productores de Siembra Directa: www.aapresid.org.ar<\/li>\n<li>Asociaci\u00f3n Argentina Pro Trigo: www.aaprotrigo.org<\/li>\n<li>Asociaci\u00f3n Criadores de Holando Argentino: www.acha.org.ar<\/li>\n<li>Asociaci\u00f3n de Ingenieros Agr\u00f3nomos de la Zona Norte de la Provincia de Bs. As: www.aianba.org.ar<\/li>\n<li>Asociaci\u00f3n de la Cadena de la Soja Argentina: www.acsoja.org.ar<\/li>\n<li>Asociaci\u00f3n Ma\u00edz Argentino: www.maizar.org.ar<\/li>\n<li>Carbap \u2013 Confederaci\u00f3n de Asociaciones Rurales de Buenos Aires y La Pampa: www.carbap.org<\/li>\n<li>Centro de la Industria Lechera de Argentina: www.cil.org.ar<\/li>\n<li>CIARA \u2013 C\u00e1mara de la Industria Aceitera de la Rep\u00fablica Argentina: www.ciara.com.ar<\/li>\n<li>Confederaci\u00f3n Intercooperativa Agropecuaria: www.coninagro.org.ar<\/li>\n<li>Confederaciones Rurales Argentinas: www.cra.org.ar<\/li>\n<li>Consejo Profesional de Ingenier\u00eda Agron\u00f3mica de la Rep\u00fablica Argentina: www.cpia.org.ar<\/li>\n<li>Federaci\u00f3n Agraria Argentina: www.faa.com.ar<\/li>\n<li>Red Argentina de Turismo Rural: www.raturestancias.com.ar<\/li>\n<li>Sociedad Rural Argentina: www.ruralarg.org.ar<\/li>\n<li>Asociaci\u00f3n Rural de Uruguay: www.aru.com.uy<\/li>\n<\/ul>\n<p>[\/vc_column_text][\/vc_accordion_tab][vc_accordion_tab title=\u00bbDiarios y Revistas del Agro\u00bb][vc_column_text]<\/p>\n<ul>\n<li>La Opini\u00f3n de Pergamino: www.laopinion-pergamino.com.a<\/li>\n<li>El Tiempo Semanario: www.eltiemposemanario.com.ar<\/li>\n<li>ABC Rural: www.nuevoabcrural.com.ar<\/li>\n<li>LT35 Radio Mon: www.lt35radiomon.com.ar<\/li>\n<li>Agromercado \u2013 Revista digital sobre agro: www.revistaagromercado.com<\/li>\n<li>Agroparlamento. Noticias de pol\u00edtica agropecuaria: www.agroparlamento.com.ar<\/li>\n<li>Agrositio \u2013 Comercio electr\u00f3nico e informaci\u00f3n sobre agro: www.agrositio.com<\/li>\n<li>E-Campo \u2013 Noticias, informaci\u00f3n t\u00e9cnica, agricultura, ganader\u00eda, lecher\u00eda: www.e-campo.com<\/li>\n<li>El Sitio Agr\u00edcola \u2013 Destinado a satisfacer los requerimientos del productor agropecuario: www.elsitioagricola.com<\/li>\n<li>El Rural \u2013 Avisos clasificados para el agro: www.elrural.com<\/li>\n<li>Futuros y opciones \u2013 Granos, hacienda, actualidad, econom\u00eda: www.futurosyopciones.com<\/li>\n<li>Infortambo \u2013 Portal del sector lechero del Mercosur: www.infortambo.com<\/li>\n<li>Mercosurco. Diario electr\u00f3nico de Agronegocios y Alimentos: www.mercosurco.com.ar<\/li>\n<li>Ondas de Campo: www.ondasdecampo.com<\/li>\n<li>Portal Veterinaria \u2013 Noticias y art\u00edculos sobre sanidad y producci\u00f3n animal: www.portalveterinaria.com<\/li>\n<li>V\u00eda Rural \u2013 Ganader\u00eda, agricultura, mercados, insumos: www.viarural.com<\/li>\n<\/ul>\n<p>[\/vc_column_text][\/vc_accordion_tab][vc_accordion_tab title=\u00bbOrganismos Internacionales\u00bb][vc_column_text]<\/p>\n<ul>\n<li>Banco Mundial \u2013 Desarrollo ambiental y socialmente sustentable: www-esd.worldbank.org<\/li>\n<li>Mercosur \u2013 Mercado Com\u00fan del Sur: www.rau.edu.uy\/mercosur<\/li>\n<li>Oficina Regional de la FAO para Am\u00e9rica Latina y el Caribe: www.fao.org\/Regional\/LAmerica\/default.htm<\/li>\n<li>Organizaci\u00f3n Mundial de Sanidad Animal: www.oie.int<\/li>\n<li>Organizaci\u00f3n de las Naciones Unidas para la Alimentaci\u00f3n y la Agricultura (FAO): www.fao.org<\/li>\n<li>Organizaci\u00f3n Panamericana de la Salud: www.paho.org<\/li>\n<li>Organismo Internacional Regional de Sanidad Agropecuaria: www.oirsa.org<\/li>\n<li>Sistema de Informaci\u00f3n de Comercio Exterior:www.sice.oas.org<\/li>\n<\/ul>\n<p>[\/vc_column_text][\/vc_accordion_tab][vc_accordion_tab title=\u00bbOrganismos de Am\u00e9rica\u00bb][vc_column_text]<\/p>\n<ul>\n<li>Departamento de Agricultura de los Estados Unidos: www.usda.gov<\/li>\n<li>Empresa Brasilera de Investigaci\u00f3n Agropecuaria \u2013 Embrapa: www.cenargen.embrapa.br<\/li>\n<li>Instituto Nacional de Desarrollo Agropecuario \u2013 Chile: www.indap.cl<\/li>\n<li>Instituto Nacional de Investigaciones Agropecuarias \u2013 Chile: www.inia.cl<\/li>\n<li>Instituto Nacional de Investigaci\u00f3n Agropecuaria del Uruguay: www.inia.org.uy<\/li>\n<li>Instituto Nacional de Carnes \u2013 Uruguay: www.inia.org.uy<\/li>\n<li>Ministerio de Agricultura de Brasil: www.agricultura.gov.br<\/li>\n<li>Ministerio de Agricultura de Chile: www.minagri.gob.cl<\/li>\n<li>Ministerio de Agricultura de Per\u00fa: www.minag.gob.pe<\/li>\n<li>Ministerio de Agricultura de Uruguay: www.chasque.apc.org\/dgsa<\/li>\n<li>Sistema de Informaci\u00f3n y Documentaci\u00f3n Agropecuaria de Am\u00e9rica: www.sidalc.net<\/li>\n<\/ul>\n<p>[\/vc_column_text][\/vc_accordion_tab][vc_accordion_tab title=\u00bbOrganismos de Argentina\u00bb][vc_column_text]<\/p>\n<ul>\n<li>Academia Nacional de Agronom\u00eda y Veterinaria:\u00a0www.anav.org.ar<\/li>\n<li>Administraci\u00f3n Nacional de Parques Nacionales:\u00a0www.parquesnacionales.gov.ar\/media\/inicioapn.htm<\/li>\n<li>Agencia Nacional de Promoci\u00f3n Cient\u00edfica y T\u00e9cnica:\u00a0www.agencia.secyt.gov.ar<\/li>\n<li>Biblioteca Electr\u00f3nica de Ciencia y Tecnolog\u00eda:\u00a0www.biblioteca.secyt.gov.ar<\/li>\n<li>Bolsa de Cereales de Bah\u00eda Blanca (Buenos Aires \u2013 Argentina):\u00a0www.bcp.org.ar<\/li>\n<li>Bolsa de Cereales de Buenos Aires \u2013 Argentina:\u00a0www.bolcereales.com.ar<\/li>\n<li>Bolsa de Comercio de Rosario (Santa Fe \u2013 Argentina):\u00a0www.bcr.com.ar<\/li>\n<li>C\u00e1mara Argentina de Certificadoras de Alimentos, Productos org\u00e1nicos y afines:\u00a0www.cacer.org.ar<\/li>\n<li>C\u00e1mara Argentina de Sanidad Agropecuaria y Fertilizantes:\u00a0www.casafe.org<\/li>\n<li>Centro Nacional de Investigaciones Agropecuarias:\u00a0www.cnia.inta.gov.ar<\/li>\n<li>Centro Nacional Patag\u00f3nico:\u00a0www.cenpat.edu.ar<\/li>\n<li>Consejo Nacional de Investigaciones Cient\u00edficas y T\u00e9cnicas \u2013 Conicet:\u00a0www.conicet.gov.ar<\/li>\n<li>Consejo Federal de Inversiones:\u00a0www.cfired.org.ar<\/li>\n<li>Instituto Geogr\u00e1fico Militar:\u00a0www.igm.gov.ar<\/li>\n<li>Instituto Nacional de Estad\u00edsticas y Censos (INDEC):\u00a0www.indec.mecon.ar<\/li>\n<li>Instituto Nacional de Tecnolog\u00eda Agropecuaria \u2013 Argentina:\u00a0www.inta.gov.ar<\/li>\n<li>Instituto Nacional de Tecnolog\u00eda Industrial \u2013 Argentina:\u00a0www.inti.gov.ar<\/li>\n<li>Mercado de Liniers:\u00a0www.mercadodeliniers.com.ar<\/li>\n<li>Mercado a T\u00e9rmino de Buenos Aires:\u00a0www.matba.com.ar<\/li>\n<li>Oficina Nacional de Control Comercial Agropecuario:\u00a0www.oncca.gov.ar<\/li>\n<li>Sec. de Agricultura, Ganader\u00eda, Pesca y Alimentaci\u00f3n \u2013 Minis. de Econom\u00eda de la Naci\u00f3n:\u00a0www.siiap.sagyp.mecon.ar<\/li>\n<li>Secretar\u00eda de Ciencia y T\u00e9cnica:\u00a0www.secyt.gov.ar<\/li>\n<li>Servicio Meteorol\u00f3gico Nacional \u2013 Argentina:\u00a0www.smn.gov.ar<\/li>\n<li>Servicio Nacional de Sanidad y Calidad Agroalimentaria:\u00a0www.senasa.gov.ar<\/li>\n<\/ul>\n<p>[\/vc_column_text][\/vc_accordion_tab][vc_accordion_tab title=\u00bbServicios Metereol\u00f3gicos\u00bb][vc_column_text]<\/p>\n<ul>\n<li>The Weather Channel:\u00a0www.espanol.weather.com<\/li>\n<li>Servicio Meteorol\u00f3gico Nacional:\u00a0www.smn.gov.ar<\/li>\n<li>Info Clima:\u00a0www.infoclima.com<\/li>\n<li>INTA \u2013 Instituto de Clima y Agua:\u00a0www.climayagua.inta<\/li>\n<li>Cola \u2013 Weather and Climate Data:\u00a0www.wxmaps.org<\/li>\n<li>Instituto Nacional de Pesquisas Espaciais:\u00a0www.satelite.cptec.inpe.br<\/li>\n<\/ul>\n<p>[\/vc_column_text][\/vc_accordion_tab][vc_accordion_tab title=\u00bbSociedades Rurales\u00bb][vc_column_text]<\/p>\n<ul>\n<li>Sociedad Rural de Baradero:\u00a0www.ruralbaradero.com.ar<\/li>\n<li>Sociedad Rural de Bah\u00eda Blanca:\u00a0www.srbb.com.ar<\/li>\n<li>Sociedad Rural de Bragado:\u00a0www.sociedadruraldebragado.blogspot.com<\/li>\n<li>Sociedad Rural de Bol\u00edvar:\u00a0www.ruralbolivar.com.ar<\/li>\n<li>Sociedad Rural de Brandsen:\u00a0www.expobrandsen.wordpress.com<\/li>\n<li>Asociaci\u00f3n Rural de Chivilcoy:\u00a0www.asocruralchivilcoy.com.ar<\/li>\n<li>Asociaci\u00f3n Rural de General Madariaga:\u00a0www.ruralmadariaga.org.ar<\/li>\n<li>Sociedad Rural de Coronel Pringles:\u00a0www.ruraldepringles.com.ar<\/li>\n<li>Sociedad Rural de Coronel Suarez:\u00a0www.suarezrural.com.ar<\/li>\n<li>Sociedad Rural de Daireaux:\u00a0www.ruraldaireaux.com.ar<\/li>\n<li>Sociedad Rural de Guardia del Monte:\u00a0www.ruraldemonte.org.ar<\/li>\n<li>Sociedad Rural de Exaltaci\u00f3n de la Cruz, Campana y Z\u00e1rate:\u00a0www.ruralecz.com.ar<\/li>\n<li>Sociedad Rural del Partido de General Villegas:\u00a0www.srpgv.org.ar<\/li>\n<li>Asociaci\u00f3n Rural de Gral. Viamonte:\u00a0www.ruralviamonte.com.ar<\/li>\n<li>Sociedad Rural de Jun\u00edn:\u00a0www.sociedadruraljunin.org.ar<\/li>\n<li>Sociedad Rural de Las Flores:\u00a0www.srlf.com.ar<\/li>\n<li>Sociedad Rural de Lincoln:\u00a0www.rurallincoln.com.ar<\/li>\n<li>Sociedad Rural de Lobos:\u00a0www.sociedadrurallobos.com.ar<\/li>\n<li>Sociedad Rural de Magdalena:\u00a0www.socruralmagdalena.com.ar<\/li>\n<li>Sociedad Rural de Mar Chiquita:\u00a0www.ruralmarchiquita.com.ar<\/li>\n<li>Sociedad Rural Regional de Mercedes:\u00a0www.sociedadruralregionalmercedes.wordpress.com<\/li>\n<li>Sociedad Rural de Navarro:\u00a0www.srnavarro.com.ar<\/li>\n<li>Sociedad Rural de Pehuaj\u00f3:\u00a0www.srp.org.ar<\/li>\n<li>Sociedad Rural de Olavarria:\u00a0www.ruralolavarria.com.ar<\/li>\n<li>Sociedad Rural de Rauch:\u00a0www.ruralderauch.com.ar\/index.php<\/li>\n<li>Sociedad Rural de Pila:\u00a0sociedadruraldepila.wordpress.com<\/li>\n<li>Sociedad Rural de Rauch:\u00a0www.ruralderauch.com.ar<\/li>\n<li>Sociedad Rural de San Pedro:\u00a0www.ruralsanpedro.com.ar<\/li>\n<li>Sociedad Rural de Tapalque:\u00a0www.socruraltapalque.com.ar<\/li>\n<li>Sociedad Rural de Trenque Lauquen:\u00a0www.sociedadruraltl.org.ar<\/li>\n<li>Sociedad Rural de Tres Lomas:\u00a0www.sociedadrural3lomas.org<\/li>\n<li>Sociedad Rural de Veinticinco de Mayo:\u00a0www.srural25demayo.com.ar<\/li>\n<li>Sociedad Rural de General Pico:\u00a0www.sociedadruralpico.com.ar<\/li>\n<li>Asociaci\u00f3n Agr\u00edcola Ganadera de La Pampa:\u00a0www.aaglp.org.ar<\/li>\n<li>Asociaci\u00f3n Rural y de Fomento Realic\u00f3:\u00a0www.ruralrealico.com.ar<\/li>\n<\/ul>\n<p>[\/vc_column_text][\/vc_accordion_tab][\/vc_accordion][\/vc_column][\/vc_row]<\/p>\n<\/div>","protected":false},"excerpt":{"rendered":"<p>[vc_row][vc_column][vc_accordion][vc_accordion_tab title=\u00bbAsociaciones\u00bb][vc_column_text] Asociaci\u00f3n Argentina de AnGus: www.angus.org.ar Asociaci\u00f3n Argentina de Ecolog\u00eda: www.asaeargentina.com.ar Asociaci\u00f3n Argentina de la Ciencia del Suelo: www.suelos.org.ar Asociaci\u00f3n Argentina de Brangus: www.brangus.org.ar Asociaci\u00f3n Argentina de Criadores de Hereford: www.hereford.org.ar Asociaci\u00f3n Argentina de Producci\u00f3n Animal (AAPA): www.aapa.org.ar Asociaci\u00f3n Argentina de Productores de Siembra Directa: www.aapresid.org.ar Asociaci\u00f3n Argentina Pro Trigo: www.aaprotrigo.org Asociaci\u00f3n Criadores de&hellip;<\/p>\n","protected":false},"author":3,"featured_media":0,"parent":0,"menu_order":0,"comment_status":"closed","ping_status":"closed","template":"","meta":{"footnotes":""},"class_list":["post-1120","page","type-page","status-publish","hentry","description-off"],"_links":{"self":[{"href":"https:\/\/www.ruralpergamino.org.ar\/site\/wp-json\/wp\/v2\/pages\/1120","targetHints":{"allow":["GET"]}}],"collection":[{"href":"https:\/\/www.ruralpergamino.org.ar\/site\/wp-json\/wp\/v2\/pages"}],"about":[{"href":"https:\/\/www.ruralpergamino.org.ar\/site\/wp-json\/wp\/v2\/types\/page"}],"author":[{"embeddable":true,"href":"https:\/\/www.ruralpergamino.org.ar\/site\/wp-json\/wp\/v2\/users\/3"}],"replies":[{"embeddable":true,"href":"https:\/\/www.ruralpergamino.org.ar\/site\/wp-json\/wp\/v2\/comments?post=1120"}],"version-history":[{"count":1,"href":"https:\/\/www.ruralpergamino.org.ar\/site\/wp-json\/wp\/v2\/pages\/1120\/revisions"}],"predecessor-version":[{"id":1121,"href":"https:\/\/www.ruralpergamino.org.ar\/site\/wp-json\/wp\/v2\/pages\/1120\/revisions\/1121"}],"wp:attachment":[{"href":"https:\/\/www.ruralpergamino.org.ar\/site\/wp-json\/wp\/v2\/media?parent=1120"}],"curies":[{"name":"wp","href":"https:\/\/api.w.org\/{rel}","templated":true}]}}