{"id":17,"date":"2022-06-27T18:13:23","date_gmt":"2022-06-27T18:13:23","guid":{"rendered":"https:\/\/www.ruralpergamino.org.ar\/site\/?page_id=17"},"modified":"2022-07-23T12:40:46","modified_gmt":"2022-07-23T15:40:46","slug":"comunidad","status":"publish","type":"page","link":"https:\/\/www.ruralpergamino.org.ar\/site\/comunidad\/","title":{"rendered":"Comunidad"},"content":{"rendered":"<div class=\"wpb-content-wrapper\"><p>[vc_row][vc_column][vc_empty_space][vc_column_text]<\/p>\n<div class=\"wpb_text_column wpb_content_element \">\n<div class=\"wpb_wrapper\">\n<p>La\u00a0<span style=\"color: #0a7533;\"><strong>Sociedad Rural de Pergamino<\/strong><\/span>\u00a0participa activamente de diferentes actividades aleda\u00f1as a su sector y a la comunidad en general, bajo la filosof\u00eda de lograr un desarrollo sostenible en conjunto con todos los actores sociales. Por eso, tiene representaci\u00f3n en:<\/p>\n<\/div>\n<\/div>\n<div class=\"standard-number-list list-divider bullet-top\">\n<ul>\n<li>Consejo Local Asesor INTA Pergamino.<\/li>\n<li>Consejo Asesor Agropecuario Municipal.<\/li>\n<li>Comisi\u00f3n de Emergencia Agropecuaria.<\/li>\n<li>Comisi\u00f3n Nacional de Semillas (CONASE).<\/li>\n<li>Foro Municipal de Seguridad. Grupo de Entidades de Pergamino.<\/li>\n<li>Fundaci\u00f3n Pergamino para la Sanidad Animal (FUNPESA).<\/li>\n<li>Agrolimpio.<\/li>\n<li>Plan Estrat\u00e9gico Pergamino (PEP).<\/li>\n<li>Mesa Solidaria Pergamino.<\/li>\n<li>Confederaci\u00f3n Asociaciones Rurales de Buenos Aires y La Pampa (CARBAP).<\/li>\n<li>Confederaciones Rurales Argentinas (CRA).<\/li>\n<li>Comisi\u00f3n de Arbolado P\u00fablico.<\/li>\n<li>Banco de Alimentos Pergamino.<\/li>\n<\/ul>\n<\/div>\n<p>[\/vc_column_text][\/vc_column][\/vc_row]<\/p>\n<\/div>","protected":false},"excerpt":{"rendered":"<p>[vc_row][vc_column][vc_empty_space][vc_column_text] La\u00a0Sociedad Rural de Pergamino\u00a0participa activamente de diferentes actividades aleda\u00f1as a su sector y a la comunidad en general, bajo la filosof\u00eda de lograr un desarrollo sostenible en conjunto con todos los actores sociales. Por eso, tiene representaci\u00f3n en: Consejo Local Asesor INTA Pergamino. Consejo Asesor Agropecuario Municipal. Comisi\u00f3n de Emergencia Agropecuaria. Comisi\u00f3n Nacional de&hellip;<\/p>\n","protected":false},"author":2,"featured_media":0,"parent":0,"menu_order":0,"comment_status":"closed","ping_status":"closed","template":"","meta":{"footnotes":""},"class_list":["post-17","page","type-page","status-publish","hentry","description-off"],"_links":{"self":[{"href":"https:\/\/www.ruralpergamino.org.ar\/site\/wp-json\/wp\/v2\/pages\/17","targetHints":{"allow":["GET"]}}],"collection":[{"href":"https:\/\/www.ruralpergamino.org.ar\/site\/wp-json\/wp\/v2\/pages"}],"about":[{"href":"https:\/\/www.ruralpergamino.org.ar\/site\/wp-json\/wp\/v2\/types\/page"}],"author":[{"embeddable":true,"href":"https:\/\/www.ruralpergamino.org.ar\/site\/wp-json\/wp\/v2\/users\/2"}],"replies":[{"embeddable":true,"href":"https:\/\/www.ruralpergamino.org.ar\/site\/wp-json\/wp\/v2\/comments?post=17"}],"version-history":[{"count":8,"href":"https:\/\/www.ruralpergamino.org.ar\/site\/wp-json\/wp\/v2\/pages\/17\/revisions"}],"predecessor-version":[{"id":1050,"href":"https:\/\/www.ruralpergamino.org.ar\/site\/wp-json\/wp\/v2\/pages\/17\/revisions\/1050"}],"wp:attachment":[{"href":"https:\/\/www.ruralpergamino.org.ar\/site\/wp-json\/wp\/v2\/media?parent=17"}],"curies":[{"name":"wp","href":"https:\/\/api.w.org\/{rel}","templated":true}]}}