{"id":19,"date":"2022-06-27T18:13:36","date_gmt":"2022-06-27T18:13:36","guid":{"rendered":"https:\/\/www.ruralpergamino.org.ar\/site\/?page_id=19"},"modified":"2022-07-23T12:47:53","modified_gmt":"2022-07-23T15:47:53","slug":"socios","status":"publish","type":"page","link":"https:\/\/www.ruralpergamino.org.ar\/site\/socios\/","title":{"rendered":"Socios"},"content":{"rendered":"<div class=\"wpb-content-wrapper\"><p>[vc_row][vc_column][vc_empty_space][vc_column_text]La Sociedad Rural de Pergamino cuenta en la actualidad con m\u00e1s de 370 productores agropecuarios, profesionales y comerciantes relacionados al sector, afiliados a la instituci\u00f3n.<\/p>\n<p>Trabajamos d\u00eda a d\u00eda para que adherir a muchos m\u00e1s, porque estamos convencidos que la participaci\u00f3n es la \u00fanica forma de lucha y defensa en la democracia; y que entre todos, podemos construir un futuro mejor.<\/p>\n<h6><span style=\"color: #0a7533;\"><strong>\u00bfPor qu\u00e9 asociarse?<\/strong><\/span><\/h6>\n<ul>\n<li>Participar de las instituciones es hoy casi imprescindible para quienes busquen el beneficio del \u00e1mbito rural en su generalidad.<\/li>\n<li>Trabajamos arduamente para el mejoramiento colectivo a nivel gremial, por ello necesitamos el apoyo de todos.<\/li>\n<li>Facilitamos medios y conocimientos, difundimos acciones y nociones \u00fatiles, ponemos a disposici\u00f3n del sector agropecuario una amplia gama de servicios, e invitamos a cultivar y transmitir nuestras tradiciones y costumbres.<\/li>\n<\/ul>\n<h6><span style=\"color: #0a7533;\"><strong>\u00bfC\u00f3mo asociarse?<\/strong><\/span><\/h6>\n<p>Para asociarse se requiere presentar la solicitud correspondiente firmada por dos socios de la entidad con una antig\u00fcedad m\u00ednima de seis meses, en car\u00e1cter de presentantes.<br \/>\nA continuaci\u00f3n encontrar\u00e1 el formulario de asociaci\u00f3n para que pueda descargarlo, imprimirlo y entregarlo en nuestras oficinas.<br \/>\nAnte cualquier consulta, por favor comun\u00edquese con nosotros.[\/vc_column_text][vc_btn title=\u00bbDescargar Solicitud\u00bb color=\u00bbsuccess\u00bb link=\u00bburl:https%3A%2F%2Fwww.ruralpergamino.org.ar%2Fsite%2Fwp-content%2Fuploads%2F2022%2F07%2Fsolicitud.pdf\u00bb css=\u00bb.vc_custom_1658591267008{background-color: #0a7533 !important;}\u00bb][\/vc_column][\/vc_row]<\/p>\n<\/div>","protected":false},"excerpt":{"rendered":"<p>[vc_row][vc_column][vc_empty_space][vc_column_text]La Sociedad Rural de Pergamino cuenta en la actualidad con m\u00e1s de 370 productores agropecuarios, profesionales y comerciantes relacionados al sector, afiliados a la instituci\u00f3n. Trabajamos d\u00eda a d\u00eda para que adherir a muchos m\u00e1s, porque estamos convencidos que la participaci\u00f3n es la \u00fanica forma de lucha y defensa en la democracia; y que entre&hellip;<\/p>\n","protected":false},"author":2,"featured_media":0,"parent":0,"menu_order":0,"comment_status":"closed","ping_status":"closed","template":"","meta":{"footnotes":""},"class_list":["post-19","page","type-page","status-publish","hentry","description-off"],"_links":{"self":[{"href":"https:\/\/www.ruralpergamino.org.ar\/site\/wp-json\/wp\/v2\/pages\/19","targetHints":{"allow":["GET"]}}],"collection":[{"href":"https:\/\/www.ruralpergamino.org.ar\/site\/wp-json\/wp\/v2\/pages"}],"about":[{"href":"https:\/\/www.ruralpergamino.org.ar\/site\/wp-json\/wp\/v2\/types\/page"}],"author":[{"embeddable":true,"href":"https:\/\/www.ruralpergamino.org.ar\/site\/wp-json\/wp\/v2\/users\/2"}],"replies":[{"embeddable":true,"href":"https:\/\/www.ruralpergamino.org.ar\/site\/wp-json\/wp\/v2\/comments?post=19"}],"version-history":[{"count":10,"href":"https:\/\/www.ruralpergamino.org.ar\/site\/wp-json\/wp\/v2\/pages\/19\/revisions"}],"predecessor-version":[{"id":1055,"href":"https:\/\/www.ruralpergamino.org.ar\/site\/wp-json\/wp\/v2\/pages\/19\/revisions\/1055"}],"wp:attachment":[{"href":"https:\/\/www.ruralpergamino.org.ar\/site\/wp-json\/wp\/v2\/media?parent=19"}],"curies":[{"name":"wp","href":"https:\/\/api.w.org\/{rel}","templated":true}]}}