{"id":22,"date":"2022-06-27T18:14:56","date_gmt":"2022-06-27T18:14:56","guid":{"rendered":"https:\/\/www.ruralpergamino.org.ar\/site\/?page_id=22"},"modified":"2022-07-23T00:38:40","modified_gmt":"2022-07-23T03:38:40","slug":"servicios-socios","status":"publish","type":"page","link":"https:\/\/www.ruralpergamino.org.ar\/site\/servicios-socios\/","title":{"rendered":"Servicios Socios"},"content":{"rendered":"<div class=\"wpb-content-wrapper\"><p>[vc_row][vc_column][vc_empty_space][vc_text_separator title=\u00bbSERVICIOS EXCLUSIVOS\u00bb color=\u00bbgreen\u00bb][vc_tta_accordion color=\u00bbchino\u00bb active_section=\u00bb1&#8243;][vc_tta_section title=\u00bbGest\u00f3n\u00bb tab_id=\u00bb1656358609763-31c3f37c-6726&#8243;][vc_column_text]Gesti\u00f3n Gremial Agropecuaria, Confecci\u00f3n de recibos de sueldos y jornales rurales, planillas AFIP, ANSES, ART, AFJP, Presentaci\u00f3n de Declaraciones Juradas y Empadronamientos.[\/vc_column_text][\/vc_tta_section][vc_tta_section title=\u00bbEspacios\u00bb tab_id=\u00bb1656358609825-f4580b04-94c7&#8243;][vc_column_text]Salones para reuniones familiares, \u00a0Instalaciones de Remates y Ferias.[\/vc_column_text][\/vc_tta_section][vc_tta_section title=\u00bbEspacios\u00bb tab_id=\u00bb1656358765984-a4ba4c4b-8bbd\u00bb][vc_column_text]Servicio de informaci\u00f3n de actualidad a trav\u00e9s de correo electr\u00f3nico, bolet\u00edn mensual, y de comunicaci\u00f3n, a trav\u00e9s de \u00a0espacios en Radio Mon y el \u00a0peri\u00f3dico local La Opini\u00f3n.[\/vc_column_text][\/vc_tta_section][vc_tta_section title=\u00bbCapacitaci\u00f3n\u00bb tab_id=\u00bb1656358796793-8080ace5-0a44&#8243;][vc_column_text]Cursos, Conferencias y Charlas sobre temas agropecuarios de actualidad.[\/vc_column_text][\/vc_tta_section][vc_tta_section title=\u00bbSalud\u00bb tab_id=\u00bb1656358822378-9ddd6cf9-b921&#8243;][vc_column_text]Servicio de planes corporativos a trav\u00e9s de convenio Medicus-CARBAP.[\/vc_column_text][\/vc_tta_section][\/vc_tta_accordion][vc_text_separator title=\u00bbBENEFICIOS\u00bb color=\u00bbgreen\u00bb][vc_row_inner][vc_column_inner width=\u00bb1\/2&#8243;][vc_column_text]<\/p>\n<div class=\"vc_separator wpb_content_element vc_separator_align_center vc_sep_width_100 vc_sep_pos_align_center vc_sep_color_grey vc_separator-has-text\">\n<h4>DAN Seguros<\/h4>\n<\/div>\n<div class=\"ult-spacer spacer-62ba063d13133\" data-id=\"62ba063d13133\" data-height=\"10\" data-height-mobile=\"10\" data-height-tab=\"10\" data-height-tab-portrait=\"\" data-height-mobile-landscape=\"\"><\/div>\n<div class=\"wpb_text_column wpb_content_element \">\n<div class=\"wpb_wrapper\">\n<p><img loading=\"lazy\" decoding=\"async\" class=\"alignleft wp-image-32853 size-thumbnail\" src=\"https:\/\/www.ruralpergamino.org.ar\/site\/sitio\/wp-content\/uploads\/2021\/07\/Dan-1-150x150.jpg\" alt=\"\" width=\"150\" height=\"150\" \/>Asegur\u00e1 tus cultivos con los que m\u00e1s saben y acced\u00e9 a:<\/p>\n<ul>\n<li>Descuentos exclusivos en los productos.<\/li>\n<li>Charlas virtuales de inter\u00e9s.<\/li>\n<li>Contribuir con el plan anual de donaciones en nuestra localidad.<\/li>\n<\/ul>\n<p>Para recibir asesoramiento personalizado puede contactarse con Mariela Dom\u00ednguez al 02983-15523580.<\/p>\n<\/div>\n<\/div>\n<div class=\"ult-spacer spacer-62ba063d13260\" data-id=\"62ba063d13260\" data-height=\"10\" data-height-mobile=\"10\" data-height-tab=\"10\" data-height-tab-portrait=\"\" data-height-mobile-landscape=\"\"><\/div>\n<div class=\"ult-spacer spacer-62ba063d13274\" data-id=\"62ba063d13274\" data-height=\"10\" data-height-mobile=\"10\" data-height-tab=\"10\" data-height-tab-portrait=\"\" data-height-mobile-landscape=\"\"><\/div>\n<div class=\"vc_separator wpb_content_element vc_separator_align_center vc_sep_width_100 vc_sep_pos_align_center vc_sep_color_grey vc_separator-has-text\">\n<h4>Convenio CRA-Chevrolet<\/h4>\n<\/div>\n<div class=\"wpb_text_column wpb_content_element \">\n<div class=\"wpb_wrapper\">\n<p><img loading=\"lazy\" decoding=\"async\" class=\"alignleft wp-image-28766 size-full\" src=\"https:\/\/www.ruralpergamino.org.ar\/site\/sitio\/wp-content\/uploads\/2016\/06\/Chevrolet-e1470316623421.jpg\" alt=\"Chevrolet\" width=\"150\" height=\"85\" \/>A\u00a0trav\u00e9s de una alianza de CRA con Chevrolet, nuestros socios pueden acceder a un importante descuento en la compra de veh\u00edculos.<\/p>\n<p>El descuento fijo es del 13,5% en los siguientes modelos y todas sus versiones: S10, Captiva,\u00a0Cobalt y\u00a0Montana; y del 9,5%\u00a0en los modelos:\u00a0Trailblazer, Prisma,\u00a0Onix,\u00a0Spin,\u00a0Tracker,\u00a0Cruze sobre\u00a0la lista de precios p\u00fablico vigente.<\/p>\n<p>Para acceder a este beneficio deber\u00e1n contar con un Certificado emitido por CRA, que pueden solicitar llam\u00e1ndonos a la Secretar\u00eda de nuestra Sociedad Rural (02477-423761 \/ 442454).<\/p>\n<p>En el siguiente\u00a0<a href=\"https:\/\/www.ruralpergamino.org.ar\/site\/sitio\/5ee390eb3dfd0_preciosacuerdosagropecuarioschevroletlistajunio2020\/\">link<\/a>\u00a0podr\u00e1n consultar los precios a diciembre de los modelos involucrados y los requisitos para acceder al beneficio.<\/p>\n<\/div>\n<\/div>\n<div class=\"ult-spacer spacer-62ba063d134f3\" data-id=\"62ba063d134f3\" data-height=\"10\" data-height-mobile=\"10\" data-height-tab=\"10\" data-height-tab-portrait=\"\" data-height-mobile-landscape=\"\"><\/div>\n<div class=\"vc_separator wpb_content_element vc_separator_align_center vc_sep_width_100 vc_sep_pos_align_center vc_sep_color_grey vc_separator-has-text\">\n<h4>Provincia Seguros<\/h4>\n<\/div>\n<div class=\"ult-spacer spacer-62ba063d13648\" data-id=\"62ba063d13648\" data-height=\"10\" data-height-mobile=\"10\" data-height-tab=\"10\" data-height-tab-portrait=\"\" data-height-mobile-landscape=\"\"><\/div>\n<div class=\"wpb_text_column wpb_content_element \">\n<div class=\"wpb_wrapper\">\n<p><img loading=\"lazy\" decoding=\"async\" class=\"wp-image-32516 alignleft\" src=\"https:\/\/www.ruralpergamino.org.ar\/site\/sitio\/wp-content\/uploads\/2020\/01\/Provincia-seguros-300x200.jpg\" sizes=\"auto, (max-width: 100px) 100vw, 100px\" srcset=\"https:\/\/www.ruralpergamino.org.ar\/site\/sitio\/wp-content\/uploads\/2020\/01\/Provincia-seguros-300x200.jpg 300w, https:\/\/www.ruralpergamino.org.ar\/site\/sitio\/wp-content\/uploads\/2020\/01\/Provincia-seguros-768x512.jpg 768w, https:\/\/www.ruralpergamino.org.ar\/site\/sitio\/wp-content\/uploads\/2020\/01\/Provincia-seguros.jpg 1024w\" alt=\"\" width=\"100\" height=\"67\" \/>Descuentos exclusivos para socios en Provincia Seguros:<\/p>\n<p>&nbsp;<\/p>\n<p>&nbsp;<\/p>\n<p><strong>Contacto y Consultas:<\/strong><\/p>\n<ul>\n<li><strong>Mar\u00eda Rosa Galdo:<\/strong>\u00a0Tel\u00e9fono: (02477) 15565050. Direcci\u00f3n : Jujuy 234, Pergamino, Correo: chichitagaldo@hotmail.com<\/li>\n<li><strong>Centro de Servicio Provincia Seguros Jun\u00edn:<\/strong>\u00a0Tel\u00e9fono: (02364) 428996, Direcci\u00f3n: General Paz, Jun\u00edn, Correo: propuestasjunin@pseguros.com.ar;\u00a0 fracchiam@seguros.com.ar<\/li>\n<\/ul>\n<\/div>\n<\/div>\n<p>[\/vc_column_text][\/vc_column_inner][vc_column_inner width=\u00bb1\/2&#8243;][vc_column_text]<\/p>\n<div class=\"vc_separator wpb_content_element vc_separator_align_center vc_sep_width_100 vc_sep_pos_align_center vc_sep_color_grey vc_separator-has-text\">\n<h4>Banco Santander<\/h4>\n<\/div>\n<div class=\"ult-spacer spacer-62ba063d13aa7\" data-id=\"62ba063d13aa7\" data-height=\"10\" data-height-mobile=\"10\" data-height-tab=\"10\" data-height-tab-portrait=\"\" data-height-mobile-landscape=\"\"><\/div>\n<div class=\"wpb_text_column wpb_content_element \">\n<div class=\"wpb_wrapper\">\n<p><img loading=\"lazy\" decoding=\"async\" class=\"aligncenter wp-image-32868\" src=\"https:\/\/www.ruralpergamino.org.ar\/site\/sitio\/wp-content\/uploads\/2021\/08\/SANTANDER-SR-PERGAMINO-2-300x132.jpg\" sizes=\"auto, (max-width: 400px) 100vw, 400px\" srcset=\"https:\/\/www.ruralpergamino.org.ar\/site\/sitio\/wp-content\/uploads\/2021\/08\/SANTANDER-SR-PERGAMINO-2-300x132.jpg 300w, https:\/\/www.ruralpergamino.org.ar\/site\/sitio\/wp-content\/uploads\/2021\/08\/SANTANDER-SR-PERGAMINO-2-1024x450.jpg 1024w, https:\/\/www.ruralpergamino.org.ar\/site\/sitio\/wp-content\/uploads\/2021\/08\/SANTANDER-SR-PERGAMINO-2-768x338.jpg 768w, https:\/\/www.ruralpergamino.org.ar\/site\/sitio\/wp-content\/uploads\/2021\/08\/SANTANDER-SR-PERGAMINO-2-1536x675.jpg 1536w, https:\/\/www.ruralpergamino.org.ar\/site\/sitio\/wp-content\/uploads\/2021\/08\/SANTANDER-SR-PERGAMINO-2-2048x900.jpg 2048w\" alt=\"\" width=\"400\" height=\"176\" \/><\/p>\n<p>&nbsp;<\/p>\n<p>Si abr\u00eds la cuenta agro en el Santander, por ser socio de la entidad, acced\u00e9s a los siguientes beneficios:<\/p>\n<p><strong>Personas Jur\u00eddicas<\/strong>:<\/p>\n<ul>\n<li>Dando de alta su cuenta a trav\u00e9s de Onboarding digital se le otorga un beneficio al cliente de $20.000 pesos para el pago de servicios e impuestos a trav\u00e9s de Online Banking Santander.\u00a0<a href=\"https:\/\/www.santander.com.ar\/banco\/online\/landings\/solicitud-cuenta-pymes\/cuenta-agro\">Link de acceso<\/a><\/li>\n<li>Bonificaci\u00f3n de los primeros seis meses de mantenimiento de cuenta.<\/li>\n<li>Bonificaci\u00f3n plan profesional Auravant por un a\u00f1o para monitoreo de campos.<\/li>\n<li>Convenios para compra de maquinaria agr\u00edcola.<\/li>\n<li>Tarjeta Santander Agro con m\u00e1s de 50 convenios para financiaci\u00f3n de insumos y hacienda.<\/li>\n<\/ul>\n<p><strong>Personas F\u00edsicas socias<\/strong>:<\/p>\n<ul>\n<li>Bonificaci\u00f3n de los primeros seis meses de mantenimiento de cuenta.<\/li>\n<li>Bonificaci\u00f3n plan profesional Auravant por un a\u00f1o para monitoreo de campos.<\/li>\n<li>Convenios para compra de maquinaria agr\u00edcola.<\/li>\n<li>Tarjeta Santander Agro con m\u00e1s de 50 convenios para financiaci\u00f3n de insumos y hacienda.<\/li>\n<\/ul>\n<p><strong>Contacto y Consultas:<\/strong><\/p>\n<ul>\n<li><strong>Anabella Perrotta:<\/strong>\u00a0Tel\u00e9fono: (02477) 15633562, Correo: aperrotta@santander.com.ar<\/li>\n<li><strong>Juan Mingrone:<\/strong>\u00a0Tel\u00e9fono: (02475) 15434340, jmingrone@santander.com.ar<\/li>\n<\/ul>\n<\/div>\n<\/div>\n<div class=\"ult-spacer spacer-62ba063d13c21\" data-id=\"62ba063d13c21\" data-height=\"10\" data-height-mobile=\"10\" data-height-tab=\"10\" data-height-tab-portrait=\"\" data-height-mobile-landscape=\"\"><\/div>\n<div class=\"vc_separator wpb_content_element vc_separator_align_center vc_sep_width_100 vc_sep_pos_align_center vc_sep_color_grey vc_separator-has-text\">\n<h4>Convenio CARBAP-NISSAN<\/h4>\n<\/div>\n<div class=\"wpb_text_column wpb_content_element \">\n<div class=\"wpb_wrapper\">\n<p><img loading=\"lazy\" decoding=\"async\" class=\"size-full wp-image-30984 alignleft\" src=\"https:\/\/www.ruralpergamino.org.ar\/site\/sitio\/wp-content\/uploads\/2018\/03\/nissan.png\" alt=\"\" width=\"102\" height=\"120\" \/>A\u00a0trav\u00e9s de una alianza de CARBAP con NISSAN, nuestros socios pueden acceder a un importante descuento en la compra de veh\u00edculos.<\/p>\n<p>El descuento\u00a0es del 9,5% sobre el precio de lista. Flete de la unidad hasta el lugar de entrega de la misma, bonificado 50%.\u00a0Formularos 01 y 12, bonificados. Preparaci\u00f3n previa entrega de la unidad adquirida, bonificada.<\/p>\n<p>Para acceder a m\u00e1s informaci\u00f3n del descuento, hagan click\u00a0<a href=\"https:\/\/www.ruralpergamino.org.ar\/site\/sitio\/wp-content\/uploads\/2019\/03\/5c86498896667_20190301CARBAP.xlsx\">aqu\u00ed.<\/a>\u00a0En el siguiente\u00a0<a href=\"https:\/\/www.ruralpergamino.org.ar\/site\/sitio\/wp-content\/uploads\/2019\/03\/5c86498896667_20190301CARBAP.xlsx\">link<\/a>\u00a0podr\u00e1n consultar\u00a0los precios de los modelos involucrados y los requisitos para acceder al beneficio.<\/p>\n<\/div>\n<\/div>\n<p>[\/vc_column_text][\/vc_column_inner][\/vc_row_inner][\/vc_column][\/vc_row]<\/p>\n<\/div>","protected":false},"excerpt":{"rendered":"<p>[vc_row][vc_column][vc_empty_space][vc_text_separator title=\u00bbSERVICIOS EXCLUSIVOS\u00bb color=\u00bbgreen\u00bb][vc_tta_accordion color=\u00bbchino\u00bb active_section=\u00bb1&#8243;][vc_tta_section title=\u00bbGest\u00f3n\u00bb tab_id=\u00bb1656358609763-31c3f37c-6726&#8243;][vc_column_text]Gesti\u00f3n Gremial Agropecuaria, Confecci\u00f3n de recibos de sueldos y jornales rurales, planillas AFIP, ANSES, ART, AFJP, Presentaci\u00f3n de Declaraciones Juradas y Empadronamientos.[\/vc_column_text][\/vc_tta_section][vc_tta_section title=\u00bbEspacios\u00bb tab_id=\u00bb1656358609825-f4580b04-94c7&#8243;][vc_column_text]Salones para reuniones familiares, \u00a0Instalaciones de Remates y Ferias.[\/vc_column_text][\/vc_tta_section][vc_tta_section title=\u00bbEspacios\u00bb tab_id=\u00bb1656358765984-a4ba4c4b-8bbd\u00bb][vc_column_text]Servicio de informaci\u00f3n de actualidad a trav\u00e9s de correo electr\u00f3nico, bolet\u00edn mensual, y de comunicaci\u00f3n,&hellip;<\/p>\n","protected":false},"author":2,"featured_media":0,"parent":0,"menu_order":0,"comment_status":"closed","ping_status":"closed","template":"","meta":{"footnotes":""},"class_list":["post-22","page","type-page","status-publish","hentry","description-off"],"_links":{"self":[{"href":"https:\/\/www.ruralpergamino.org.ar\/site\/wp-json\/wp\/v2\/pages\/22","targetHints":{"allow":["GET"]}}],"collection":[{"href":"https:\/\/www.ruralpergamino.org.ar\/site\/wp-json\/wp\/v2\/pages"}],"about":[{"href":"https:\/\/www.ruralpergamino.org.ar\/site\/wp-json\/wp\/v2\/types\/page"}],"author":[{"embeddable":true,"href":"https:\/\/www.ruralpergamino.org.ar\/site\/wp-json\/wp\/v2\/users\/2"}],"replies":[{"embeddable":true,"href":"https:\/\/www.ruralpergamino.org.ar\/site\/wp-json\/wp\/v2\/comments?post=22"}],"version-history":[{"count":16,"href":"https:\/\/www.ruralpergamino.org.ar\/site\/wp-json\/wp\/v2\/pages\/22\/revisions"}],"predecessor-version":[{"id":930,"href":"https:\/\/www.ruralpergamino.org.ar\/site\/wp-json\/wp\/v2\/pages\/22\/revisions\/930"}],"wp:attachment":[{"href":"https:\/\/www.ruralpergamino.org.ar\/site\/wp-json\/wp\/v2\/media?parent=22"}],"curies":[{"name":"wp","href":"https:\/\/api.w.org\/{rel}","templated":true}]}}