{"id":254,"date":"2022-06-28T00:09:49","date_gmt":"2022-06-28T00:09:49","guid":{"rendered":"https:\/\/www.ruralpergamino.org.ar\/site\/?page_id=254"},"modified":"2022-07-23T12:31:34","modified_gmt":"2022-07-23T15:31:34","slug":"ateneo-juvenil","status":"publish","type":"page","link":"https:\/\/www.ruralpergamino.org.ar\/site\/ateneo-juvenil\/","title":{"rendered":"Ateneo Juvenil"},"content":{"rendered":"<div class=\"wpb-content-wrapper\"><p>[vc_row][vc_column][vc_empty_space][vc_single_image image=\u00bb258&#8243; img_size=\u00bbfull\u00bb alignment=\u00bbcenter\u00bb style=\u00bbvc_box_shadow_3d\u00bb][vc_text_separator title=\u00bbATENEO JUVENIL SOCIEDAD RURAL DE PERGAMINO\u00bb color=\u00bbgreen\u00bb][vc_row_inner][vc_column_inner][vc_column_text]<a href=\"https:\/\/www.ruralpergamino.org.ar\/site\/wp-content\/uploads\/2022\/06\/Logo-Ateneo-Juvenil.png\"><img loading=\"lazy\" decoding=\"async\" class=\"size-full wp-image-261 alignleft\" src=\"https:\/\/www.ruralpergamino.org.ar\/site\/wp-content\/uploads\/2022\/06\/Logo-Ateneo-Juvenil.png\" alt=\"\" width=\"200\" height=\"299\" \/><\/a>Somos un grupo de j\u00f3venes de diversas experiencias, profesiones y ocupaciones vinculados al quehacer agropecuario, comprometidos con la comunidad.<\/p>\n<p>Buscamos formarnos como personas de bien, capacit\u00e1ndonos a trav\u00e9s de distintas actividades donde compartimos experiencias y tambi\u00e9n, conocemos otras realidades.<\/p>\n<p>Los j\u00f3venes somos el pilar y la proyecci\u00f3n de las entidades y las instituciones en el futuro. Por eso, tenemos el compromiso de construir entre todos un modelo de pa\u00eds basado en la producci\u00f3n agroindustrial, inclusivo y federal, que nos permita lograr la Argentina que todos so\u00f1amos.[\/vc_column_text][\/vc_column_inner][\/vc_row_inner][vc_row_inner][vc_column_inner][vc_text_separator title=\u00bbNUESTROS PROP\u00d3SITOS\u00bb color=\u00bbgreen\u00bb][vc_column_text]<\/p>\n<ul>\n<li>Promover, sostener y desarrollar la educaci\u00f3n rural fundamentalmente con orientaci\u00f3n agropecuaria.<\/li>\n<li>Fomentar la participaci\u00f3n y el debate que permita acciones que mejoren el sector en particular y la sociedad en general.<\/li>\n<li>Vincularse, conectarse y establecer relaciones con las distintas organizaciones juveniles, integrantes de la comunidad social local.<\/li>\n<li>Integrar a la agrupaci\u00f3n con otros grupos juveniles e instituciones comprometidas con el desarrollo del territorio, al intercambiar experiencias a nivel provincial, nacional e internacional, que permitan mejorar la realidad, y defender los intereses de los productores<\/li>\n<li>Dar a conocer y promover nuestras tradiciones aut\u00f3ctonas.<\/li>\n<li>Capacitar a trav\u00e9s de distintas charlas, seminarios, congresos y exposiciones a todos los j\u00f3venes participantes, para formar futuros dirigentes, comprometidos con la sociedad y conscientes de la realidad.<\/li>\n<li>Contribuir en la ejecuci\u00f3n de ideas y proyectos de mejora para la Sociedad Rural de Pergamino.<\/li>\n<li>Favorecer la inserci\u00f3n social y laboral de los participantes.<\/li>\n<\/ul>\n<p>[\/vc_column_text][vc_text_separator title=\u00bbCOMISI\u00d3N DIRECTIVA\u00bb color=\u00bbgreen\u00bb][vc_column_text]<\/p>\n<div class=\"wpb_column vc_column_container vc_col-sm-3\">\n<div class=\"vc_column-inner \">\n<div class=\"wpb_wrapper\">\n<div class=\"wpb_single_image wpb_content_element vc_align_center\">\n<figure class=\"wpb_wrapper vc_figure\">\n<div class=\"vc_single_image-wrapper vc_box_border_grey\"><img loading=\"lazy\" decoding=\"async\" class=\"vc_single_image-img attachment-thumbnail\" src=\"https:\/\/www.ruralpergamino.org.ar\/site\/sitio\/wp-content\/uploads\/2016\/04\/Genaro-150x150.jpg\" alt=\"\" width=\"150\" height=\"150\" \/><\/div>\n<\/figure>\n<\/div>\n<div class=\"wpb_text_column wpb_content_element \">\n<div class=\"wpb_wrapper\">\n<h6><strong>Genaro Sidotti<\/strong><\/h6>\n<p><span style=\"color: #0a7533;\"><strong>Presidente<\/strong><\/span><\/p>\n<\/div>\n<\/div>\n<div class=\"ult-spacer spacer-62ba468067670\" data-id=\"62ba468067670\" data-height=\"10\" data-height-mobile=\"10\" data-height-tab=\"10\" data-height-tab-portrait=\"\" data-height-mobile-landscape=\"\"><\/div>\n<\/div>\n<\/div>\n<\/div>\n<div class=\"wpb_column vc_column_container vc_col-sm-3\">\n<div class=\"vc_column-inner \">\n<div class=\"wpb_wrapper\">\n<div class=\"wpb_single_image wpb_content_element vc_align_center\">\n<figure class=\"wpb_wrapper vc_figure\">\n<div class=\"vc_single_image-wrapper vc_box_border_grey\"><img loading=\"lazy\" decoding=\"async\" class=\"vc_single_image-img attachment-thumbnail\" src=\"https:\/\/www.ruralpergamino.org.ar\/site\/sitio\/wp-content\/uploads\/2016\/04\/Facundo-150x150.jpg\" alt=\"\" width=\"150\" height=\"150\" \/><\/div>\n<\/figure>\n<\/div>\n<div class=\"wpb_text_column wpb_content_element \">\n<div class=\"wpb_wrapper\">\n<h6><strong>Facundo Servi\u00f1o<\/strong><\/h6>\n<p><span style=\"color: #0a7533;\"><strong>Vicepresidente<\/strong><\/span><\/p>\n<\/div>\n<\/div>\n<div class=\"ult-spacer spacer-62ba468068096\" data-id=\"62ba468068096\" data-height=\"10\" data-height-mobile=\"10\" data-height-tab=\"10\" data-height-tab-portrait=\"\" data-height-mobile-landscape=\"\"><\/div>\n<\/div>\n<\/div>\n<\/div>\n<div class=\"wpb_column vc_column_container vc_col-sm-3\">\n<div class=\"vc_column-inner \">\n<div class=\"wpb_wrapper\">\n<div class=\"wpb_text_column wpb_content_element \">\n<div class=\"wpb_wrapper\">\n<h6><strong>Gonzalo Bianco<\/strong><\/h6>\n<p><span style=\"color: #0a7533;\"><strong>Secretario<\/strong><\/span><\/p>\n<h6><strong>Macarena Calder\u00f3n<\/strong><\/h6>\n<p><span style=\"color: #0a7533;\"><strong>Prosecretaria<\/strong><\/span><\/p>\n<h6><strong>Marcos Carnevale<\/strong><\/h6>\n<p><span style=\"color: #0a7533;\"><strong>Tesorera<\/strong><\/span><\/p>\n<h6><strong>Facundo Cerminara<\/strong><\/h6>\n<p><span style=\"color: #0a7533;\"><strong>Protesorero<\/strong><\/span><\/p>\n<h6><strong>Fernando Morales<\/strong><\/h6>\n<p><span style=\"color: #0a7533;\"><strong>Delegado Zonal<\/strong><\/span><\/p>\n<\/div>\n<\/div>\n<\/div>\n<\/div>\n<\/div>\n<div class=\"wpb_column vc_column_container vc_col-sm-3\">\n<div class=\"vc_column-inner \">\n<div class=\"wpb_wrapper\">\n<div class=\"wpb_text_column wpb_content_element \">\n<div class=\"wpb_wrapper\">\n<h6>Guadalupe Seta<\/h6>\n<h6>Ignacio Villaverde<\/h6>\n<p><span style=\"color: #0a7533;\"><strong>Vocales<\/strong><\/span><\/p>\n<\/div>\n<\/div>\n<div class=\"vc_separator wpb_content_element vc_separator_align_center vc_sep_width_100 vc_sep_pos_align_center vc_separator_no_text vc_sep_color_grey\"><\/div>\n<div class=\"wpb_text_column wpb_content_element \">\n<div class=\"wpb_wrapper\">\n<h6><strong>Franco Clavijo<\/strong><\/h6>\n<h6><strong>Lucas Draghi<\/strong><\/h6>\n<p><span style=\"color: #0a7533;\"><strong>Revisores de Cuentas<\/strong><\/span><\/p>\n<\/div>\n<\/div>\n<\/div>\n<\/div>\n<\/div>\n<p>[\/vc_column_text][\/vc_column_inner][\/vc_row_inner][vc_empty_space][vc_text_separator title=\u00bb\u00bb color=\u00bbgreen\u00bb][vc_empty_space][\/vc_column][\/vc_row][vc_row][vc_column width=\u00bb2\/3&#8243;][\/vc_column][vc_column width=\u00bb1\/3&#8243;][vc_column_text]<\/p>\n<h2><span style=\"color: #0a7533;\">Ateneo Juvenil Sociedad Rural de Pergamino<\/span><\/h2>\n<p><strong>Correo:<\/strong>\u00a0ateneopergamino@gmail.com<\/p>\n<p><strong>Seguinos:<\/strong><\/p>\n<div class=\"soc-ico\">\n<p>&nbsp;<\/p>\n<\/div>\n<p><span style=\"color: #0a7533;\"><strong>Ateneo adherido a:<\/strong><\/span><\/p>\n<p><a class=\"dt-single-image mfp-ready\" href=\"https:\/\/www.ruralpergamino.org.ar\/site\/sitio\/wp-content\/uploads\/2016\/04\/Ateneos-e1465584057325.png\" data-dt-img-description=\"\"><img loading=\"lazy\" decoding=\"async\" class=\"alignnone size-medium wp-image-22485\" src=\"https:\/\/www.ruralpergamino.org.ar\/site\/sitio\/wp-content\/uploads\/2016\/04\/Ateneos-300x120.png\" alt=\"Ateneos\" width=\"300\" height=\"120\" \/><\/a>[\/vc_column_text][\/vc_column][\/vc_row]<\/p>\n<\/div>","protected":false},"excerpt":{"rendered":"<p>[vc_row][vc_column][vc_empty_space][vc_single_image image=\u00bb258&#8243; img_size=\u00bbfull\u00bb alignment=\u00bbcenter\u00bb style=\u00bbvc_box_shadow_3d\u00bb][vc_text_separator title=\u00bbATENEO JUVENIL SOCIEDAD RURAL DE PERGAMINO\u00bb color=\u00bbgreen\u00bb][vc_row_inner][vc_column_inner][vc_column_text]Somos un grupo de j\u00f3venes de diversas experiencias, profesiones y ocupaciones vinculados al quehacer agropecuario, comprometidos con la comunidad. Buscamos formarnos como personas de bien, capacit\u00e1ndonos a trav\u00e9s de distintas actividades donde compartimos experiencias y tambi\u00e9n, conocemos otras realidades. Los j\u00f3venes somos el pilar&hellip;<\/p>\n","protected":false},"author":2,"featured_media":0,"parent":0,"menu_order":0,"comment_status":"closed","ping_status":"closed","template":"template-blog-masonry.php","meta":{"footnotes":""},"class_list":["post-254","page","type-page","status-publish","hentry","description-off"],"_links":{"self":[{"href":"https:\/\/www.ruralpergamino.org.ar\/site\/wp-json\/wp\/v2\/pages\/254","targetHints":{"allow":["GET"]}}],"collection":[{"href":"https:\/\/www.ruralpergamino.org.ar\/site\/wp-json\/wp\/v2\/pages"}],"about":[{"href":"https:\/\/www.ruralpergamino.org.ar\/site\/wp-json\/wp\/v2\/types\/page"}],"author":[{"embeddable":true,"href":"https:\/\/www.ruralpergamino.org.ar\/site\/wp-json\/wp\/v2\/users\/2"}],"replies":[{"embeddable":true,"href":"https:\/\/www.ruralpergamino.org.ar\/site\/wp-json\/wp\/v2\/comments?post=254"}],"version-history":[{"count":36,"href":"https:\/\/www.ruralpergamino.org.ar\/site\/wp-json\/wp\/v2\/pages\/254\/revisions"}],"predecessor-version":[{"id":1045,"href":"https:\/\/www.ruralpergamino.org.ar\/site\/wp-json\/wp\/v2\/pages\/254\/revisions\/1045"}],"wp:attachment":[{"href":"https:\/\/www.ruralpergamino.org.ar\/site\/wp-json\/wp\/v2\/media?parent=254"}],"curies":[{"name":"wp","href":"https:\/\/api.w.org\/{rel}","templated":true}]}}