{"id":331,"date":"2022-06-28T01:46:34","date_gmt":"2022-06-28T01:46:34","guid":{"rendered":"https:\/\/www.ruralpergamino.org.ar\/site\/?page_id=331"},"modified":"2025-03-10T11:58:44","modified_gmt":"2025-03-10T14:58:44","slug":"el-campo-y-la-ciudad","status":"publish","type":"page","link":"https:\/\/www.ruralpergamino.org.ar\/site\/el-campo-y-la-ciudad\/","title":{"rendered":"El Campo y la Ciudad"},"content":{"rendered":"<div class=\"wpb-content-wrapper\"><p>[vc_row][vc_column][vc_empty_space][vc_column_text css=\u00bb\u00bb]<a class=\"dt-pswp-item\" href=\"https:\/\/www.ruralpergamino.org.ar\/site\/wp-content\/uploads\/2025\/03\/Pergamino-Capital-Nacional-de-la-Semilla.jpg\" data-dt-img-description=\"\" data-large_image_width=\"300\" data-large_image_height=\"213\"><img loading=\"lazy\" decoding=\"async\" class=\"size-full wp-image-1806 alignleft\" src=\"https:\/\/www.ruralpergamino.org.ar\/site\/wp-content\/uploads\/2025\/03\/Pergamino-Capital-Nacional-de-la-Semilla.jpg\" alt=\"\" width=\"300\" height=\"213\" \/><\/a>Hoy d\u00eda la base del posicionamiento estrat\u00e9gico del mercado de <strong>Pergamino<\/strong>\u00a0en el orden nacional e internacional est\u00e1 constituida por el agro y la confecci\u00f3n.<\/p>\n<p>Dentro del sector agropecuario, uno de los m\u00e1s destacados es el de la producci\u00f3n de semillas. Pergamino tiene reconocido su car\u00e1cter de pionera tanto en la creaci\u00f3n de nuevas variedades e h\u00edbridos, como en la producci\u00f3n, la clasificaci\u00f3n y distribuci\u00f3n comercial de semillas, particularmente de cereales, oleaginosas y especies forrajeras.<\/p>\n<p>Desde 1925, con la producci\u00f3n de la primera variedad de trigo en la Chacra Experimental (Hoy I.N.T.A.), hasta la fecha, en donde m\u00e1s del 60% de las variedades forrajeras utilizadas en el pa\u00eds son originadas en el Partido, se observa un liderazgo en el sector, que ha llevado a denominar a Pergamino como la\u00a0<strong>Capital Nacional de la Semilla<\/strong>\u00a0en el a\u00f1o 1997, a trav\u00e9s del decreto 190\/97. Momento en el que ya exist\u00edan en la ciudad, 11 criaderos y 54 semilleros inscritos en el entonces Instituto Nacional de Semillas (INASE).<\/p>\n<p>La Estaci\u00f3n Experimental Agropecuaria del INTA, fue uno de los cimientos tambi\u00e9n de esta nominaci\u00f3n de Pergamino, ya que es desde hace m\u00e1s de nueve d\u00e9cadas de vida, un importante polo l\u00edder de irradiaci\u00f3n de tecnolog\u00eda agraria a nivel nacional, que ampli\u00f3 su competitividad con los a\u00f1os, ya que, paralelamente a la actividad productiva y comercial, funciona en ella el \u00fanico banco de germoplasma activo del pa\u00eds, en ma\u00edz, girasol y especies forrajeras, (estas \u00faltimas mayoritariamente de origen ex\u00f3tico).<\/p>\n<p>As\u00ed, en la ciudad, se consolid\u00f3 un polo tecnol\u00f3gico de organismos p\u00fablicos \u2013 privados, que desarrollan y exportan las l\u00edneas madres de semillas, utilizadas para sembrar en el resto del mundo las variedades granar\u00edas m\u00e1s conocidas, y dan impulso a toda la cadena agroalimentaria. Ejemplo: gracias al buen manejo de pasturas de los semilleros forrajeros, sumado a la elecci\u00f3n de especies eficientes y las mejoras en la estructura administrativa, se han creado nuevos tambos que han llevado la producci\u00f3n local a alrededor de 60.000 litros diarios.<\/p>\n<p>Es por todo ello que en Pergamino, la \u201csemilla\u201d ha adquirido un protagonismo que excede solamente el de dar alimentos al mundo. El n\u00facleo de organismos p\u00fablicos, empresas e instituciones derivadas que conforman el sector, llevaron a que sea uno de los actores centrales para la ciudad en materia de empleo, directo e indirecto, innovaci\u00f3n y tecnolog\u00eda, desarrollo regional, social y econ\u00f3mico, y posicionamiento a nivel internacional.<\/p>\n<p>Sin embargo, y como le ocurre a todo el agro, es un papel que no tiene del todo reconocido a nivel general, por diferentes motivos que golpearon su imagen. Es por ello que, desde la Sociedad Rural de Pergamino, se trabaja intensamente para unir lazos con la comunidad, para promover y revalorizar su lugar.[\/vc_column_text][\/vc_column][\/vc_row]<\/p>\n<\/div>","protected":false},"excerpt":{"rendered":"<p>[vc_row][vc_column][vc_empty_space][vc_column_text css=\u00bb\u00bb]Hoy d\u00eda la base del posicionamiento estrat\u00e9gico del mercado de Pergamino\u00a0en el orden nacional e internacional est\u00e1 constituida por el agro y la confecci\u00f3n. Dentro del sector agropecuario, uno de los m\u00e1s destacados es el de la producci\u00f3n de semillas. Pergamino tiene reconocido su car\u00e1cter de pionera tanto en la creaci\u00f3n de nuevas variedades&hellip;<\/p>\n","protected":false},"author":2,"featured_media":0,"parent":0,"menu_order":0,"comment_status":"closed","ping_status":"closed","template":"","meta":{"footnotes":""},"class_list":["post-331","page","type-page","status-publish","hentry","description-off"],"_links":{"self":[{"href":"https:\/\/www.ruralpergamino.org.ar\/site\/wp-json\/wp\/v2\/pages\/331","targetHints":{"allow":["GET"]}}],"collection":[{"href":"https:\/\/www.ruralpergamino.org.ar\/site\/wp-json\/wp\/v2\/pages"}],"about":[{"href":"https:\/\/www.ruralpergamino.org.ar\/site\/wp-json\/wp\/v2\/types\/page"}],"author":[{"embeddable":true,"href":"https:\/\/www.ruralpergamino.org.ar\/site\/wp-json\/wp\/v2\/users\/2"}],"replies":[{"embeddable":true,"href":"https:\/\/www.ruralpergamino.org.ar\/site\/wp-json\/wp\/v2\/comments?post=331"}],"version-history":[{"count":7,"href":"https:\/\/www.ruralpergamino.org.ar\/site\/wp-json\/wp\/v2\/pages\/331\/revisions"}],"predecessor-version":[{"id":1807,"href":"https:\/\/www.ruralpergamino.org.ar\/site\/wp-json\/wp\/v2\/pages\/331\/revisions\/1807"}],"wp:attachment":[{"href":"https:\/\/www.ruralpergamino.org.ar\/site\/wp-json\/wp\/v2\/media?parent=331"}],"curies":[{"name":"wp","href":"https:\/\/api.w.org\/{rel}","templated":true}]}}