{"id":363,"date":"2022-06-28T02:11:00","date_gmt":"2022-06-28T02:11:00","guid":{"rendered":"https:\/\/www.ruralpergamino.org.ar\/site\/?page_id=363"},"modified":"2023-06-07T15:53:24","modified_gmt":"2023-06-07T18:53:24","slug":"acerca-de-la-muestra","status":"publish","type":"page","link":"https:\/\/www.ruralpergamino.org.ar\/site\/acerca-de-la-muestra\/","title":{"rendered":"La Muestra"},"content":{"rendered":"<div class=\"wpb-content-wrapper\"><p>[vc_row][vc_column][vc_column_text]La <span style=\"color: #007431;\"><strong>Expo Rural Pergamino<\/strong><\/span> es una muestra agropecuaria, comercial de la industria y los servicios, que se realiza una vez por a\u00f1o, generalmente la primer semana de septiembre.<\/p>\n<p>Considerada la <span style=\"color: #007431;\"><strong>\u201cFiesta de Pergamino\u201d<\/strong><\/span>, es un punto de encuentro entre el campo y la ciudad, que se ha convertido en una tradici\u00f3n para la comunidad que la visita no s\u00f3lo por la calidad de los expositores y animales, sino tambi\u00e9n, por la multiplicidad de atracciones que ofrece a toda la familia y\u00a0las oportunidades de negocios.[\/vc_column_text][\/vc_column][\/vc_row][vc_row][vc_column][vc_masonry_media_grid element_width=\u00bb3&#8243; grid_id=\u00bbvc_gid:1686163830122-2c4867a1-d855-6&#8243; include=\u00bb1180,1179,1177,1176,1174,1173,1164,1165,1166,1167,1168,1170,1171,1163,1162,1161,1160,1159,1158,1157&#8243;][\/vc_column][\/vc_row]<\/p>\n<\/div>","protected":false},"excerpt":{"rendered":"<p>[vc_row][vc_column][vc_column_text]La Expo Rural Pergamino es una muestra agropecuaria, comercial de la industria y los servicios, que se realiza una vez por a\u00f1o, generalmente la primer semana de septiembre. Considerada la \u201cFiesta de Pergamino\u201d, es un punto de encuentro entre el campo y la ciudad, que se ha convertido en una tradici\u00f3n para la comunidad que&hellip;<\/p>\n","protected":false},"author":2,"featured_media":0,"parent":0,"menu_order":0,"comment_status":"closed","ping_status":"closed","template":"template-microsite.php","meta":{"footnotes":""},"class_list":["post-363","page","type-page","status-publish","hentry","description-off"],"_links":{"self":[{"href":"https:\/\/www.ruralpergamino.org.ar\/site\/wp-json\/wp\/v2\/pages\/363","targetHints":{"allow":["GET"]}}],"collection":[{"href":"https:\/\/www.ruralpergamino.org.ar\/site\/wp-json\/wp\/v2\/pages"}],"about":[{"href":"https:\/\/www.ruralpergamino.org.ar\/site\/wp-json\/wp\/v2\/types\/page"}],"author":[{"embeddable":true,"href":"https:\/\/www.ruralpergamino.org.ar\/site\/wp-json\/wp\/v2\/users\/2"}],"replies":[{"embeddable":true,"href":"https:\/\/www.ruralpergamino.org.ar\/site\/wp-json\/wp\/v2\/comments?post=363"}],"version-history":[{"count":13,"href":"https:\/\/www.ruralpergamino.org.ar\/site\/wp-json\/wp\/v2\/pages\/363\/revisions"}],"predecessor-version":[{"id":1472,"href":"https:\/\/www.ruralpergamino.org.ar\/site\/wp-json\/wp\/v2\/pages\/363\/revisions\/1472"}],"wp:attachment":[{"href":"https:\/\/www.ruralpergamino.org.ar\/site\/wp-json\/wp\/v2\/media?parent=363"}],"curies":[{"name":"wp","href":"https:\/\/api.w.org\/{rel}","templated":true}]}}