{"id":373,"date":"2022-06-28T02:16:25","date_gmt":"2022-06-28T02:16:25","guid":{"rendered":"https:\/\/www.ruralpergamino.org.ar\/site\/?page_id=373"},"modified":"2022-07-23T13:52:36","modified_gmt":"2022-07-23T16:52:36","slug":"servicios-de-la-muestra","status":"publish","type":"page","link":"https:\/\/www.ruralpergamino.org.ar\/site\/servicios-de-la-muestra\/","title":{"rendered":"Servicios de la Muestra"},"content":{"rendered":"<div class=\"wpb-content-wrapper\"><p>[vc_row][vc_column][vc_row_inner][vc_column_inner][vc_column_text]La organizaci\u00f3n de la muestra trabaja arduamente para que todo transcurra normalmente. En este marco, las instalaciones cuentan con una serie de servicios esenciales para el p\u00fablico, con espacio y personal capacitado para atender cualquier imprevisto que surja.[\/vc_column_text][vc_separator][\/vc_column_inner][\/vc_row_inner][vc_row_inner equal_height=\u00bbyes\u00bb][vc_column_inner width=\u00bb1\/2&#8243;][vc_custom_heading text=\u00bbSeguridad\u00bb font_container=\u00bbtag:h4|font_size:22px|text_align:left|color:%2356912d|line_height:26px\u00bb use_theme_fonts=\u00bbyes\u00bb][vc_single_image image=\u00bb1070&#8243; img_size=\u00bbfull\u00bb alignment=\u00bbcenter\u00bb style=\u00bbvc_box_shadow_3d\u00bb][vc_column_text]<\/p>\n<div class=\"wf-table\">\n<div class=\"wf-td\"><\/div>\n<div class=\"wf-td\"><\/div>\n<\/div>\n<p>Un grupo de trabajo especializado se encarga del cuidado de los bienes de los expositores durante las horas que permanece abierta la exposici\u00f3n y durante la noche, adem\u00e1s de la seguridad en general para el normal desarrollo de todo el evento.[\/vc_column_text][\/vc_column_inner][vc_column_inner width=\u00bb1\/2&#8243;][vc_custom_heading text=\u00bbGastronom\u00eda\u00bb font_container=\u00bbtag:h4|font_size:22px|text_align:left|color:%2356912d|line_height:26px\u00bb use_theme_fonts=\u00bbyes\u00bb][vc_single_image image=\u00bb689&#8243; img_size=\u00bbfull\u00bb alignment=\u00bbcenter\u00bb style=\u00bbvc_box_shadow_3d\u00bb][vc_column_text]<\/p>\n<div class=\"wf-table\">\n<div class=\"wf-td\">Debido a las dimensiones de la exposici\u00f3n, los visitantes precisan varias horas para recorrer la muestra. Por lo tanto, el servicio de gastronom\u00eda que se brinda es acorde a los distintos gustos de las personas, con espacios c\u00f3modos y excelente calidad de atenci\u00f3n.<\/div>\n<\/div>\n<p>[\/vc_column_text][\/vc_column_inner][\/vc_row_inner][vc_row_inner equal_height=\u00bbyes\u00bb][vc_column_inner width=\u00bb1\/2&#8243;][vc_custom_heading text=\u00bbJuegos y Esparcimiento\u00bb font_container=\u00bbtag:h4|font_size:22px|text_align:left|color:%2356912d|line_height:26px\u00bb use_theme_fonts=\u00bbyes\u00bb][vc_single_image image=\u00bb1071&#8243; img_size=\u00bbfull\u00bb alignment=\u00bbcenter\u00bb style=\u00bbvc_box_shadow_3d\u00bb][vc_column_text]<\/p>\n<div class=\"wf-table\">\n<div class=\"wf-td\">Para los m\u00e1s peque\u00f1os, en uno de los laterales de la exposici\u00f3n se instala un parque de diversiones con juegos mec\u00e1nicos para el entretenimiento de los chicos. Adem\u00e1s, para los mayores la exposici\u00f3n cuenta con un paseo de compras.<\/div>\n<\/div>\n<p>[\/vc_column_text][\/vc_column_inner][vc_column_inner width=\u00bb1\/2&#8243;][vc_custom_heading text=\u00bbSala de Prensa\u00bb font_container=\u00bbtag:h4|font_size:22px|text_align:left|color:%2356912d|line_height:26px\u00bb use_theme_fonts=\u00bbyes\u00bb][vc_single_image image=\u00bb1069&#8243; img_size=\u00bbfull\u00bb alignment=\u00bbcenter\u00bb style=\u00bbvc_box_shadow_3d\u00bb][vc_column_text]<\/p>\n<div class=\"wf-table\">\n<div class=\"wf-td\">Los trabajadores de la prensa cuentan con un espacio para que puedan cumplir su labor con comodidad en la sala aleda\u00f1a a la oficina. La misma cuenta con el servicio de internet wi-fi, asistencia personalizada e informaci\u00f3n permanente de los d\u00edas y horarios de las actividades.<\/div>\n<\/div>\n<p>[\/vc_column_text][\/vc_column_inner][\/vc_row_inner][vc_row_inner equal_height=\u00bbyes\u00bb][vc_column_inner width=\u00bb1\/2&#8243;][vc_custom_heading text=\u00bbEstacionamiento\u00bb font_container=\u00bbtag:h4|font_size:22px|text_align:left|color:%2356912d|line_height:26px\u00bb use_theme_fonts=\u00bbyes\u00bb][vc_single_image image=\u00bb1073&#8243; img_size=\u00bbfull\u00bb alignment=\u00bbcenter\u00bb style=\u00bbvc_box_shadow_3d\u00bb][vc_column_text]<\/p>\n<div class=\"wf-table\">\n<div class=\"wf-td\">La Muestra cuenta con sectores acondicionados, aleda\u00f1os al predio para ser utilizados de estacionamiento. Esta \u00e1rea, correctamente delimitada, se encuentra en el frente del predio y uno de los laterales y desde all\u00ed los visitantes acceden con comodidad a la exposici\u00f3n.<\/div>\n<\/div>\n<p>[\/vc_column_text][\/vc_column_inner][vc_column_inner width=\u00bb1\/2&#8243;][vc_custom_heading text=\u00bbVisita Guiadas Escuelas\u00bb font_container=\u00bbtag:h4|font_size:22px|text_align:left|color:%2356912d|line_height:26px\u00bb use_theme_fonts=\u00bbyes\u00bb][vc_single_image image=\u00bb1076&#8243; img_size=\u00bbfull\u00bb alignment=\u00bbcenter\u00bb style=\u00bbvc_box_shadow_3d\u00bb][vc_column_text]<\/p>\n<div class=\"wf-table\">\n<div class=\"wf-td\">La organizaci\u00f3n junto a los alumnos de la Escuela Agrot\u00e9cnica, organizan visitas guiadas con los colegios de todo el Partido para que recorran la muestra. Asimismo, se les hace entrega de un desayuno o merienda.<\/div>\n<\/div>\n<p>[\/vc_column_text][\/vc_column_inner][\/vc_row_inner][vc_row_inner equal_height=\u00bbyes\u00bb][vc_column_inner width=\u00bb1\/2&#8243;][vc_custom_heading text=\u00bbOtros Servicios\u00bb font_container=\u00bbtag:h4|font_size:22px|text_align:left|color:%2356912d|line_height:26px\u00bb use_theme_fonts=\u00bbyes\u00bb][vc_single_image image=\u00bb698&#8243; img_size=\u00bbfull\u00bb alignment=\u00bbcenter\u00bb style=\u00bbvc_box_shadow_3d\u00bb][vc_column_text]<\/p>\n<div class=\"wf-table\">\n<div class=\"wf-td\">Por \u00faltimo, la Expo cuenta con sanitarios, red el\u00e9ctrica trif\u00e1sica y monof\u00e1sica, provisi\u00f3n de agua, servicio m\u00e9dico de emergencia, tel\u00e9fonos y fax, bomberos, centro de conferencias, transmisi\u00f3n de radio en directo, iluminaci\u00f3n, servicio de limpieza y sitio web.<\/div>\n<\/div>\n<p>[\/vc_column_text][\/vc_column_inner][vc_column_inner width=\u00bb1\/2&#8243;][\/vc_column_inner][\/vc_row_inner][\/vc_column][\/vc_row]<\/p>\n<\/div>","protected":false},"excerpt":{"rendered":"<p>[vc_row][vc_column][vc_row_inner][vc_column_inner][vc_column_text]La organizaci\u00f3n de la muestra trabaja arduamente para que todo transcurra normalmente. En este marco, las instalaciones cuentan con una serie de servicios esenciales para el p\u00fablico, con espacio y personal capacitado para atender cualquier imprevisto que surja.[\/vc_column_text][vc_separator][\/vc_column_inner][\/vc_row_inner][vc_row_inner equal_height=\u00bbyes\u00bb][vc_column_inner width=\u00bb1\/2&#8243;][vc_custom_heading text=\u00bbSeguridad\u00bb font_container=\u00bbtag:h4|font_size:22px|text_align:left|color:%2356912d|line_height:26px\u00bb use_theme_fonts=\u00bbyes\u00bb][vc_single_image image=\u00bb1070&#8243; img_size=\u00bbfull\u00bb alignment=\u00bbcenter\u00bb style=\u00bbvc_box_shadow_3d\u00bb][vc_column_text] Un grupo de trabajo especializado se encarga del&hellip;<\/p>\n","protected":false},"author":2,"featured_media":0,"parent":0,"menu_order":0,"comment_status":"closed","ping_status":"closed","template":"template-microsite.php","meta":{"footnotes":""},"class_list":["post-373","page","type-page","status-publish","hentry","description-off"],"_links":{"self":[{"href":"https:\/\/www.ruralpergamino.org.ar\/site\/wp-json\/wp\/v2\/pages\/373","targetHints":{"allow":["GET"]}}],"collection":[{"href":"https:\/\/www.ruralpergamino.org.ar\/site\/wp-json\/wp\/v2\/pages"}],"about":[{"href":"https:\/\/www.ruralpergamino.org.ar\/site\/wp-json\/wp\/v2\/types\/page"}],"author":[{"embeddable":true,"href":"https:\/\/www.ruralpergamino.org.ar\/site\/wp-json\/wp\/v2\/users\/2"}],"replies":[{"embeddable":true,"href":"https:\/\/www.ruralpergamino.org.ar\/site\/wp-json\/wp\/v2\/comments?post=373"}],"version-history":[{"count":22,"href":"https:\/\/www.ruralpergamino.org.ar\/site\/wp-json\/wp\/v2\/pages\/373\/revisions"}],"predecessor-version":[{"id":1085,"href":"https:\/\/www.ruralpergamino.org.ar\/site\/wp-json\/wp\/v2\/pages\/373\/revisions\/1085"}],"wp:attachment":[{"href":"https:\/\/www.ruralpergamino.org.ar\/site\/wp-json\/wp\/v2\/media?parent=373"}],"curies":[{"name":"wp","href":"https:\/\/api.w.org\/{rel}","templated":true}]}}