{"id":764,"date":"2022-07-15T18:25:07","date_gmt":"2022-07-15T18:25:07","guid":{"rendered":"https:\/\/www.ruralpergamino.org.ar\/site\/?page_id=764"},"modified":"2025-03-10T12:13:53","modified_gmt":"2025-03-10T15:13:53","slug":"la-ciudad","status":"publish","type":"page","link":"https:\/\/www.ruralpergamino.org.ar\/site\/la-ciudad\/","title":{"rendered":"La Ciudad"},"content":{"rendered":"<div class=\"wpb-content-wrapper\"><p>[vc_row][vc_column][vc_column_text]Nuestro Predio se encuentra en el kil\u00f3metro 220,5 de la ruta nacional N\u00ba8, a dos kil\u00f3metros de la ciudad de Pergamino. Una ciudad que pertenece a un Partido que ocupa un lugar de privilegio en la zona n\u00facleo de la producci\u00f3n agroindustrial de nuestro pa\u00eds, el coraz\u00f3n de la Pampa H\u00fameda.<\/p>\n<p>Con una fuerte interrelaci\u00f3n al sector, se configura como un territorio de gran vocaci\u00f3n agropecuaria, tanto en la producci\u00f3n de semillas e innovaci\u00f3n bio tecnol\u00f3gica, (por la cual ha sido declarada Capital Nacional de la Semilla), como en su componente industrial, basado principalmente en la agroindustria, la confecci\u00f3n, y la madera.<\/p>\n<p>Geogr\u00e1ficamente, se encuentra al norte de la provincia de Buenos Aires y limita con cinco partidos de la provincia de Buenos Aires y uno de la provincia de Santa Fe. Al Partido se puede acceder en autom\u00f3vil o trav\u00e9s del servicio de transporte p\u00fablico de \u00f3mnibus.[\/vc_column_text][vc_tta_tabs color=\u00bbgreen\u00bb active_section=\u00bb1&#8243;][vc_tta_section title=\u00bbC\u00f3mo llegar\u00bb tab_id=\u00bb1657909690367-7d4c35fb-0432&#8243;][vc_column_text css=\u00bb\u00bb]<\/p>\n<h6>Autom\u00f3vil<\/h6>\n<p>La ciudad se encuentra atravesada por dos rutas nacionales y dos rutas provinciales. Tambi\u00e9n dos tendidos ferroviarios. Ruta Nacional N\u00ba 8, Ruta Nacional N\u00ba 188, Ruta Interprovincial N\u00ba 32 y Ruta Interprovincial N\u00ba 178.<\/p>\n<h6>Distancias de las principales ciudades:<\/h6>\n<ul>\n<li>Rosario: 110 km.<\/li>\n<li>Buenos Aires: 222 km.<\/li>\n<li>San Nicol\u00e1s (Puerto): 75 km.<\/li>\n<li>C\u00f3rdoba: 500 km.<\/li>\n<li>Mar del Plata: 600 km.<\/li>\n<li>Mendoza: 850 km.<\/li>\n<\/ul>\n<h6>Compa\u00f1\u00edas de \u00d3mnibus:<\/h6>\n<ul>\n<li>Almirante Brown: Tel. (02477)- 432462.<\/li>\n<li>Autotransporte San Juan: Tel. (02477) \u2013 432462, www.atsj.com.ar<\/li>\n<li>Empresa Argentina y BASA: Tel: (02477) 428297, www.empresaargentina.com.ar<\/li>\n<li>Cata Internacional: Tel. (02477)- 432462, www.catainternacional.com<\/li>\n<li>Central Argentino: Tel.( 02477)- 432462, www.centralargentinosrl.com.ar<\/li>\n<li>El Acuerdo: Tel. (02477)- 422612<\/li>\n<li>Flecha Bus: Tel. 02477- 432464, www.flechabus.com.ar<\/li>\n<li>La Nueva Perla: Tel. 02477- 424309, www.lanuevaperla.jimdo.com<\/li>\n<li>La Perla Buses: Tel. 03329 \u2013 420444<\/li>\n<li>Pullman General Belgrano S.R.L.: Tel. (02477)- 427771\/435035, www.gralbelgrano.com.ar<\/li>\n<li>R\u00edo Paran\u00e1: Tel. (02477) \u2013 432462<\/li>\n<li>Tirsa: Tel. (02477)- 432462, www.laperlabuses.com<\/li>\n<li>V\u00eda Bariloche: Tel. (02477)- 432733, www.viabariloche.com.ar<\/li>\n<li>13 de noviembre: Tel. (02477)-422612<\/li>\n<li>Nueva Chevallier: (02477) 440052, www.nuevachevallier.com<\/li>\n<\/ul>\n<p>[\/vc_column_text][\/vc_tta_section][vc_tta_section title=\u00bbD\u00f3nde Hospedarse\u00bb tab_id=\u00bb1657909690479-eeefec8d-410a\u00bb][vc_column_text css=\u00bb\u00bb]<\/p>\n<h6><strong>Hotel Americano (2 estrellas superior):<\/strong><\/h6>\n<p>Merced 418 \u00a0\u2013 Tel\u00e9fono: 02477- 440430 \u00a0\u2013\u00a0www.hotel-americano.com.ar\/<\/p>\n<h6><strong>Hotel War \u00a0(Sin categorizar):<\/strong><\/h6>\n<p>Dr Alem 237 \u2013 Tel\u00e9fono: 02477 \u2013 427917 \u2013 www.warhotel.com.ar<\/p>\n<h6><strong>Hotel Italia (Sin categorizar):<\/strong><\/h6>\n<p>Av. de Mayo 1098 \u2013 Tel\u00e9fono: 02477 \u2013 425061 \u00a0\u2013 hotelitaliapergamino@hotmail.com<\/p>\n<h6><strong>Ra\u00edces Hotel (4 estrellas):<\/strong><\/h6>\n<p>San Nicol\u00e1s 334 \u2013 Tel\u00e9fono: 02477 \u2013 422092 \u2013 \u00a0www.raiceshotel.com.ar<\/p>\n<h6><strong>Helen\u00b4s Guest House:<\/strong><\/h6>\n<p>Florida 514 \u2013 Tel\u00e9fono: 02477- 424752 \u00a0\u2013 Correo:\u00a0consulta@helensguesthouse.com.ar \u2013 www.helensguesthouse.com.ar<\/p>\n<h6><strong>Estancia Las Invernadas:<\/strong><\/h6>\n<p>Ruta 8 Km 237,500 \u2013 Tel\u00e9fono: 02477 443129 \/ 02477-15590607 \u2013 www.lasinvernadas.com.ar<\/p>\n<h6><strong>Hotel Simoca<\/strong><\/h6>\n<p>Estrada 61\u00a0\u2013 Tel\u00e9fonos: 02477- 418687\u00a0\u2013 Correo: hotelsimoca@gmail.com[\/vc_column_text][\/vc_tta_section][vc_tta_section title=\u00bbQu\u00e9 Visitar\u00bb tab_id=\u00bb1657912041865-a6670496-eb15&#8243;][vc_column_text]<\/p>\n<h3 class=\"skt-builder-content-block-column-title\">Informaci\u00f3n Tur\u00edstica<\/h3>\n<div class=\"skt-builder-content-block-column-description\">\n<p><strong>Dir.: Alsina 405 (CP 2700) \u2013 Pergamino<\/strong><\/p>\n<p><strong>Tel.: 54 2477 319036<\/strong><\/p>\n<p><strong>E-mail:\u00a0<\/strong><a href=\"mailto:turismo@pergamino.gob.ar\" target=\"_blank\" rel=\"noopener noreferrer\"><strong>turismo@pergamino.gob.ar<\/strong><\/a><\/p>\n<p><a href=\"https:\/\/www.facebook.com\/Turismo-Pergamino-792712754447907\/?ref=br_rs\" target=\"_blank\" rel=\"noopener noreferrer\"><strong>FACEBOOK<\/strong><\/a><\/p>\n<p><strong>Horario: Lunes a viernes de 07:00 a 14:00hs<\/strong><\/p>\n<p><a href=\"https:\/\/www.pergamino.gob.ar\/turismo\/\">Turismo \u2013 Partido de Pergamino<\/a><\/p>\n<\/div>\n<p>[\/vc_column_text][\/vc_tta_section][\/vc_tta_tabs][\/vc_column][\/vc_row]<\/p>\n<\/div>","protected":false},"excerpt":{"rendered":"<p>[vc_row][vc_column][vc_column_text]Nuestro Predio se encuentra en el kil\u00f3metro 220,5 de la ruta nacional N\u00ba8, a dos kil\u00f3metros de la ciudad de Pergamino. Una ciudad que pertenece a un Partido que ocupa un lugar de privilegio en la zona n\u00facleo de la producci\u00f3n agroindustrial de nuestro pa\u00eds, el coraz\u00f3n de la Pampa H\u00fameda. Con una fuerte interrelaci\u00f3n&hellip;<\/p>\n","protected":false},"author":2,"featured_media":0,"parent":0,"menu_order":0,"comment_status":"closed","ping_status":"closed","template":"template-microsite.php","meta":{"footnotes":""},"class_list":["post-764","page","type-page","status-publish","hentry","description-off"],"_links":{"self":[{"href":"https:\/\/www.ruralpergamino.org.ar\/site\/wp-json\/wp\/v2\/pages\/764","targetHints":{"allow":["GET"]}}],"collection":[{"href":"https:\/\/www.ruralpergamino.org.ar\/site\/wp-json\/wp\/v2\/pages"}],"about":[{"href":"https:\/\/www.ruralpergamino.org.ar\/site\/wp-json\/wp\/v2\/types\/page"}],"author":[{"embeddable":true,"href":"https:\/\/www.ruralpergamino.org.ar\/site\/wp-json\/wp\/v2\/users\/2"}],"replies":[{"embeddable":true,"href":"https:\/\/www.ruralpergamino.org.ar\/site\/wp-json\/wp\/v2\/comments?post=764"}],"version-history":[{"count":13,"href":"https:\/\/www.ruralpergamino.org.ar\/site\/wp-json\/wp\/v2\/pages\/764\/revisions"}],"predecessor-version":[{"id":1810,"href":"https:\/\/www.ruralpergamino.org.ar\/site\/wp-json\/wp\/v2\/pages\/764\/revisions\/1810"}],"wp:attachment":[{"href":"https:\/\/www.ruralpergamino.org.ar\/site\/wp-json\/wp\/v2\/media?parent=764"}],"curies":[{"name":"wp","href":"https:\/\/api.w.org\/{rel}","templated":true}]}}