{"id":99,"date":"2022-06-27T19:54:44","date_gmt":"2022-06-27T19:54:44","guid":{"rendered":"https:\/\/www.ruralpergamino.org.ar\/site\/?page_id=99"},"modified":"2022-07-25T15:00:49","modified_gmt":"2022-07-25T18:00:49","slug":"quienes-somos","status":"publish","type":"page","link":"https:\/\/www.ruralpergamino.org.ar\/site\/quienes-somos\/","title":{"rendered":"Qui\u00e9nes Somos"},"content":{"rendered":"<div class=\"wpb-content-wrapper\"><p>[vc_row][vc_column][vc_empty_space][vc_column_text]<\/p>\n<div class=\"wpb_text_column wpb_content_element \">\n<div class=\"wpb_wrapper\">\n<h5><a class=\"dt-pswp-item\" href=\"https:\/\/www.ruralpergamino.org.ar\/site\/wp-content\/uploads\/2022\/07\/Quienes-Somos-Sociedad-Rural-de-Pergamino.jpg\" data-dt-img-description=\"\" data-large_image_width=\"669\" data-large_image_height=\"462\"><img loading=\"lazy\" decoding=\"async\" class=\"size-medium wp-image-959 alignright\" src=\"https:\/\/www.ruralpergamino.org.ar\/site\/wp-content\/uploads\/2022\/07\/Quienes-Somos-Sociedad-Rural-de-Pergamino-300x207.jpg\" alt=\"\" width=\"300\" height=\"207\" srcset=\"https:\/\/www.ruralpergamino.org.ar\/site\/wp-content\/uploads\/2022\/07\/Quienes-Somos-Sociedad-Rural-de-Pergamino-300x207.jpg 300w, https:\/\/www.ruralpergamino.org.ar\/site\/wp-content\/uploads\/2022\/07\/Quienes-Somos-Sociedad-Rural-de-Pergamino.jpg 669w\" sizes=\"auto, (max-width: 300px) 100vw, 300px\" \/><\/a><span style=\"color: #0a7533;\">Somos una instituci\u00f3n civil que desde 1927 trabaja en la defensa, promoci\u00f3n y el fomento de los intereses agr\u00edcolas, ganaderos e industriales afines, en Pergamino y la regi\u00f3n.<\/span><\/h5>\n<p>Representamos al campo en el Partido, integrando al sector agroindustrial a la comunidad, y participando activamente de la agenda local, a fin de promover su desarrollo, en conjunto con otras instituciones y poderes.<\/p>\n<p>Asimismo, somos una organizaci\u00f3n gremial que vela por los intereses de los productores en el pa\u00eds, manteniendo una v\u00eda de comunicaci\u00f3n permanente con las autoridades del Estado en todos sus niveles. Por ello, nos encontramos adheridos a nivel regional a la\u00a0<span style=\"color: #0a7533;\"><strong>Confederaci\u00f3n de Asociaciones Rurales de Buenos Aires y La Pampa (CARBAP),<\/strong><\/span>\u00a0y a nivel nacional, a<span style=\"color: #0a7533;\"><strong> Confederaciones Rurales Argentinas (CRA).<\/strong><\/span><\/p>\n<\/div>\n<\/div>\n<p>[\/vc_column_text][vc_column_text]<\/p>\n<div class=\"wpb_text_column wpb_content_element \">\n<div class=\"wpb_wrapper\">\n<h5><span style=\"color: #0a7533;\">Principios:<\/span><\/h5>\n<p>Los principios constitutivos que llevaron a la formaci\u00f3n de esta instituci\u00f3n y fueran declarados en su fundaci\u00f3n, son:<\/p>\n<\/div>\n<\/div>\n<div class=\"image-arrow\">\n<ul class=\"fa-ul\">\n<li><i class=\"fa-li fa fa-check-square\"><\/i>Fomentar el desarrollo y adelanto de la agricultura, ganader\u00eda e industrias derivadas.<\/li>\n<li><i class=\"fa-li fa fa-check-square\"><\/i>Auspiciar el mejoramiento de la producci\u00f3n, sea esta ganadera, agr\u00edcola o fabril.<\/li>\n<li><i class=\"fa-li fa fa-check-square\"><\/i>Prestigiar toda iniciativa que pueda beneficiarlas; propender a la mejora de los m\u00e9todos culturales y de crianza.<\/li>\n<li><i class=\"fa-li fa fa-check-square\"><\/i>Celebrar exposiciones.<\/li>\n<li><i class=\"fa-li fa fa-check-square\"><\/i>Asistir y organizar congresos o asambleas de utilidad general.<\/li>\n<li><i class=\"fa-li fa fa-check-square\"><\/i>Promover estudios t\u00e9cnicos o investigaciones cient\u00edficas; estimular la iniciativa privada.<\/li>\n<li><i class=\"fa-li fa fa-check-square\"><\/i>Coadyuvar a la obra de los poderes p\u00fablicos.<\/li>\n<li><i class=\"fa-li fa fa-check-square\"><\/i>Y propender por todos los medios a su alcance, a la defensa de los intereses agr\u00edcolas, ganaderos e industriales de la zona, y por extensi\u00f3n del pa\u00eds.<\/li>\n<\/ul>\n<\/div>\n<p>[\/vc_column_text][\/vc_column][\/vc_row]<\/p>\n<\/div>","protected":false},"excerpt":{"rendered":"<p>[vc_row][vc_column][vc_empty_space][vc_column_text] Somos una instituci\u00f3n civil que desde 1927 trabaja en la defensa, promoci\u00f3n y el fomento de los intereses agr\u00edcolas, ganaderos e industriales afines, en Pergamino y la regi\u00f3n. Representamos al campo en el Partido, integrando al sector agroindustrial a la comunidad, y participando activamente de la agenda local, a fin de promover su desarrollo,&hellip;<\/p>\n","protected":false},"author":2,"featured_media":0,"parent":0,"menu_order":0,"comment_status":"closed","ping_status":"closed","template":"","meta":{"footnotes":""},"class_list":["post-99","page","type-page","status-publish","hentry","description-off"],"_links":{"self":[{"href":"https:\/\/www.ruralpergamino.org.ar\/site\/wp-json\/wp\/v2\/pages\/99","targetHints":{"allow":["GET"]}}],"collection":[{"href":"https:\/\/www.ruralpergamino.org.ar\/site\/wp-json\/wp\/v2\/pages"}],"about":[{"href":"https:\/\/www.ruralpergamino.org.ar\/site\/wp-json\/wp\/v2\/types\/page"}],"author":[{"embeddable":true,"href":"https:\/\/www.ruralpergamino.org.ar\/site\/wp-json\/wp\/v2\/users\/2"}],"replies":[{"embeddable":true,"href":"https:\/\/www.ruralpergamino.org.ar\/site\/wp-json\/wp\/v2\/comments?post=99"}],"version-history":[{"count":8,"href":"https:\/\/www.ruralpergamino.org.ar\/site\/wp-json\/wp\/v2\/pages\/99\/revisions"}],"predecessor-version":[{"id":960,"href":"https:\/\/www.ruralpergamino.org.ar\/site\/wp-json\/wp\/v2\/pages\/99\/revisions\/960"}],"wp:attachment":[{"href":"https:\/\/www.ruralpergamino.org.ar\/site\/wp-json\/wp\/v2\/media?parent=99"}],"curies":[{"name":"wp","href":"https:\/\/api.w.org\/{rel}","templated":true}]}}